{"id":23,"date":"2025-05-28T01:04:42","date_gmt":"2025-05-27T23:04:42","guid":{"rendered":"https:\/\/3d-metal.pl\/?page_id=23"},"modified":"2025-07-12T14:36:00","modified_gmt":"2025-07-12T12:36:00","slug":"strona-glowna","status":"publish","type":"page","link":"https:\/\/3d-metal.pl\/en\/","title":{"rendered":"Home"},"content":{"rendered":"<div data-elementor-type=\"wp-page\" data-elementor-id=\"23\" class=\"elementor elementor-23\">\n\t\t\t\t<div class=\"elementor-element elementor-element-3aed75f e-con-full e-flex wpr-particle-no wpr-jarallax-no wpr-parallax-no wpr-sticky-section-no wpr-equal-height-no e-con e-parent\" data-id=\"3aed75f\" data-element_type=\"container\">\n\t\t\t\t<div class=\"elementor-element elementor-element-81c4ff8 elementor-widget elementor-widget-eael-image-accordion\" data-id=\"81c4ff8\" data-element_type=\"widget\" id=\"main-page-accordion\" data-widget_type=\"eael-image-accordion.default\">\n\t\t\t\t<div class=\"elementor-widget-container\">\n\t\t\t\t\t    <div class=\"eael-img-accordion accordion-direction-horizontal eael-img-accordion-horizontal-align-center eael-img-accordion-vertical-align-center\" id=\"eael-img-accordion-81c4ff8\" data-img-accordion-id=\"81c4ff8\" data-img-accordion-type=\"on-hover\">\n                    \n            <div class=\"eael-image-accordion-hover eael-image-accordion-item\" style=\"background-image: url(https:\/\/3d-metal.pl\/wp-content\/uploads\/2025\/05\/suszarka_pracownia_plastyczna_3.jpg);\"  tabindex=\"0\">\n                <div class=\"overlay\">\n                    <div class=\"overlay-inner\">\n                        <a href=\"\/en\/suszarki-do-pracowni-plastycznych\/\"><h2 class=\"img-accordion-title\">Drying racks<br>for art studios<\/h2><\/a>                            <p><p>Drying racks designed for drying sheets of paper, 52cm x 35cm in size, or smaller.<\/p><\/p>\n                                            <\/div>\n                <\/div>\n            <\/div>\n                    \n            <div class=\"eael-image-accordion-hover eael-image-accordion-item\" style=\"background-image: url(https:\/\/3d-metal.pl\/wp-content\/uploads\/2025\/05\/szuarki_niestandardowe_10_768.jpg);\"  tabindex=\"0\">\n                <div class=\"overlay\">\n                    <div class=\"overlay-inner\">\n                        <a href=\"\/en\/konstrukcje-niestandardowe\/\"><h2 class=\"img-accordion-title\">Drying racks<br>nonstandard<\/h2><\/a>                            <p><p>After establishing the individual details we are able to create an offer of manufacturing non-standard drying racks - with any shelf formats, other mesh dimensions, resistant to high temperature or others.<\/p><\/p>\n                                            <\/div>\n                <\/div>\n            <\/div>\n                    \n            <div class=\"eael-image-accordion-hover eael-image-accordion-item\" style=\"background-image: url(https:\/\/3d-metal.pl\/wp-content\/uploads\/2025\/07\/DSC_4940-scaled.jpg);\"  tabindex=\"0\">\n                <div class=\"overlay\">\n                    <div class=\"overlay-inner\">\n                        <a href=\"\/en\/suszarki-polkowe-do-sitodruku\/\"><h2 class=\"img-accordion-title\">Drying racks<br>for screen printing<\/h2><\/a>                            <p><p>Manufacturing and sales of drying racks are one of the key areas of our business activity. We produce racks not only for drying prints made on paper but also on foil, ceramics, glass, rubber, fabric and plastic.<\/p><\/p>\n                                            <\/div>\n                <\/div>\n            <\/div>\n                    \n            <div class=\"eael-image-accordion-hover eael-image-accordion-item\" style=\"background-image: url(https:\/\/3d-metal.pl\/wp-content\/uploads\/2025\/05\/stojak_na_drewno_3.jpg);\"  tabindex=\"0\">\n                <div class=\"overlay\">\n                    <div class=\"overlay-inner\">\n                        <a href=\"\/en\/stojaki-na-drewno\/\"><h2 class=\"img-accordion-title\">Firewood<br>racks<\/h2><\/a>                            <p><p class=\"text-justify\">We manufacture metal frames designed for storing firewood, which can hold up to 2m<sup>3 <\/sup>of firewood.<\/p><\/p>\n                                            <\/div>\n                <\/div>\n            <\/div>\n                    \n            <div class=\"eael-image-accordion-hover eael-image-accordion-item\" style=\"background-image: url(https:\/\/3d-metal.pl\/wp-content\/uploads\/2025\/05\/wozek_na_palety_2_584.jpg);\"  tabindex=\"0\">\n                <div class=\"overlay\">\n                    <div class=\"overlay-inner\">\n                        <a href=\"\/en\/wozki-na-palety\/\"><h2 class=\"img-accordion-title\">Tray carts<\/h2><\/a>                            <p><p class=\"text-justify\">Tray carts are used for objects with irregular shapes (e.g. ballpoints, key rings, belts) which are arranged during different technological processes on so called trays to dry, store and transport.<\/p><\/p>\n                                            <\/div>\n                <\/div>\n            <\/div>\n                <\/div>\n        <style typr=\"text\/css\">\n                    #eael-img-accordion-81c4ff8 .eael-image-accordion-hover:hover {\n                        flex: 3 1 0% !important;\n                    }\n                    #eael-img-accordion-81c4ff8 .eael-image-accordion-hover:hover:hover .overlay-inner * {\n                        opacity: 1;\n                        visibility: visible;\n                        transform: none;\n                        transition: all .3s .3s;\n                    }\n                <\/style>\t\t\t\t<\/div>\n\t\t\t\t<\/div>\n\t\t\t\t<\/div>\n\t\t\t\t<\/div>","protected":false},"excerpt":{"rendered":"<p>Suszarki p\u00f3\u0142kowedo pracowni plastycznych Suszarki przeznaczone do suszenia arkuszy papier\u00f3w o wymiarach 52 cm x 35 cm lub mniejszych. Suszarki p\u00f3\u0142koweniestandardowe Na zam\u00f3wienie istnieje mo\u017cliwo\u015b\u0107 wykonania niestandardowych suszarek o dowolnych formatach p\u00f3\u0142ek, innych wymiar\u00f3w oczka siatki, przystosowanych do suszenia w piecach, b\u0105d\u017a innych parametrach. Suszarki p\u00f3\u0142kowedo sitodruku Produkcja i sprzeda\u017c suszarek p\u00f3\u0142kowych jest jednym z kluczowych obszar\u00f3w naszej dzia\u0142alno\u015bci. Produkujemy urz\u0105dzenia do suszenia nadruk\u00f3w wykonanych na papierze, foli, ceramice, szkle, gumie, materia\u0142ach tekstylnych i tworzywach sztucznych. Stojaki metalowena drewno Produkujemy stela\u017ce metalowe s\u0142u\u017c\u0105ce do przechowywania drewna opa\u0142owego umo\u017cliwiaj\u0105ce przechowywanie do 2 m3 drewna kominkowego. W\u00f3zki na palety W\u00f3zki na palety przeznaczone do suszenia, magazynowania i transportu drobnych element\u00f3w o nieregularnych kszta\u0142tach (np. d\u0142ugopisy, breloczki, paski), kt\u00f3re w r\u00f3\u017cnych procesach technologicznych s\u0105 uk\u0142adane na tzw. paletach.<\/p>","protected":false},"author":1,"featured_media":0,"parent":0,"menu_order":0,"comment_status":"closed","ping_status":"closed","template":"elementor_header_footer","meta":{"footnotes":""},"class_list":["post-23","page","type-page","status-publish","hentry"],"yoast_head":"<!-- This site is optimized with the Yoast SEO plugin v27.3 - https:\/\/yoast.com\/product\/yoast-seo-wordpress\/ -->\n<title>3D Metal Project Sp. z o.o. Sp. z o.o. - Producent wyrob\u00f3w z metalu<\/title>\n<meta name=\"description\" content=\"3D Metal Project Sp. z o.o. - producent wyrob\u00f3w z metalu. Suszarki p\u00f3\u0142kowe do sitodruku i pracowni plastycznych, w\u00f3zki na palety, stojaki na drewno opa\u0142owe.\" \/>\n<meta name=\"robots\" content=\"index, follow, max-snippet:-1, max-image-preview:large, max-video-preview:-1\" \/>\n<link rel=\"canonical\" href=\"https:\/\/3d-metal.pl\/en\/\" \/>\n<meta property=\"og:locale\" content=\"en_GB\" \/>\n<meta property=\"og:type\" content=\"article\" \/>\n<meta property=\"og:title\" content=\"3D Metal Project Sp. z o.o. Sp. z o.o. - Producent wyrob\u00f3w z metalu\" \/>\n<meta property=\"og:description\" content=\"3D Metal Project Sp. z o.o. - producent wyrob\u00f3w z metalu. Suszarki p\u00f3\u0142kowe do sitodruku i pracowni plastycznych, w\u00f3zki na palety, stojaki na drewno opa\u0142owe.\" \/>\n<meta property=\"og:url\" content=\"https:\/\/3d-metal.pl\/en\/\" \/>\n<meta property=\"og:site_name\" content=\"3D Metal Project Sp. z o.o.\" \/>\n<meta property=\"article:modified_time\" content=\"2025-07-12T12:36:00+00:00\" \/>\n<meta name=\"twitter:card\" content=\"summary_large_image\" \/>\n<meta name=\"twitter:label1\" content=\"Estimated reading time\" \/>\n\t<meta name=\"twitter:data1\" content=\"1 minute\" \/>\n<script type=\"application\/ld+json\" class=\"yoast-schema-graph\">{\"@context\":\"https:\\\/\\\/schema.org\",\"@graph\":[{\"@type\":[\"WebPage\",\"ProfilePage\"],\"@id\":\"https:\\\/\\\/3d-metal.pl\\\/\",\"url\":\"https:\\\/\\\/3d-metal.pl\\\/\",\"name\":\"3D Metal Project Sp. z o.o. Sp. z o.o. - Producent wyrob\u00f3w z metalu\",\"isPartOf\":{\"@id\":\"https:\\\/\\\/3d-metal.pl\\\/#website\"},\"datePublished\":\"2025-05-27T23:04:42+00:00\",\"dateModified\":\"2025-07-12T12:36:00+00:00\",\"description\":\"3D Metal Project Sp. z o.o. - producent wyrob\u00f3w z metalu. Suszarki p\u00f3\u0142kowe do sitodruku i pracowni plastycznych, w\u00f3zki na palety, stojaki na drewno opa\u0142owe.\",\"breadcrumb\":{\"@id\":\"https:\\\/\\\/3d-metal.pl\\\/#breadcrumb\"},\"inLanguage\":\"en-GB\",\"potentialAction\":[{\"@type\":\"ReadAction\",\"target\":[\"https:\\\/\\\/3d-metal.pl\\\/\"]}]},{\"@type\":\"BreadcrumbList\",\"@id\":\"https:\\\/\\\/3d-metal.pl\\\/#breadcrumb\",\"itemListElement\":[{\"@type\":\"ListItem\",\"position\":1,\"name\":\"Strona g\u0142\u00f3wna\",\"item\":\"https:\\\/\\\/3d-metal.pl\\\/\"},{\"@type\":\"ListItem\",\"position\":2,\"name\":\"Strona g\u0142\u00f3wna\"}]},{\"@type\":\"WebSite\",\"@id\":\"https:\\\/\\\/3d-metal.pl\\\/#website\",\"url\":\"https:\\\/\\\/3d-metal.pl\\\/\",\"name\":\"3D Metal Project\",\"description\":\"3D Metal Project Sp. z o.o. - Producent wyrob\u00f3w z metalu\",\"publisher\":{\"@id\":\"https:\\\/\\\/3d-metal.pl\\\/#organization\"},\"potentialAction\":[{\"@type\":\"SearchAction\",\"target\":{\"@type\":\"EntryPoint\",\"urlTemplate\":\"https:\\\/\\\/3d-metal.pl\\\/?s={search_term_string}\"},\"query-input\":{\"@type\":\"PropertyValueSpecification\",\"valueRequired\":true,\"valueName\":\"search_term_string\"}}],\"inLanguage\":\"en-GB\"},{\"@type\":\"Organization\",\"@id\":\"https:\\\/\\\/3d-metal.pl\\\/#organization\",\"name\":\"3D Metal Project\",\"url\":\"https:\\\/\\\/3d-metal.pl\\\/\",\"logo\":{\"@type\":\"ImageObject\",\"inLanguage\":\"en-GB\",\"@id\":\"https:\\\/\\\/3d-metal.pl\\\/#\\\/schema\\\/logo\\\/image\\\/\",\"url\":\"https:\\\/\\\/3d-metal.pl\\\/wp-content\\\/uploads\\\/2025\\\/05\\\/logo.png\",\"contentUrl\":\"https:\\\/\\\/3d-metal.pl\\\/wp-content\\\/uploads\\\/2025\\\/05\\\/logo.png\",\"width\":348,\"height\":50,\"caption\":\"3D Metal Project\"},\"image\":{\"@id\":\"https:\\\/\\\/3d-metal.pl\\\/#\\\/schema\\\/logo\\\/image\\\/\"},\"mainEntityOfPage\":{\"@id\":\"https:\\\/\\\/3d-metal.pl\\\/\"}}]}<\/script>\n<!-- \/ Yoast SEO plugin. -->","yoast_head_json":{"title":"3D Metal Project Sp. z o.o. Sp. z o.o. - Producent wyrob\u00f3w z metalu","description":"3D Metal Project Sp. z o.o. - producent wyrob\u00f3w z metalu. Suszarki p\u00f3\u0142kowe do sitodruku i pracowni plastycznych, w\u00f3zki na palety, stojaki na drewno opa\u0142owe.","robots":{"index":"index","follow":"follow","max-snippet":"max-snippet:-1","max-image-preview":"max-image-preview:large","max-video-preview":"max-video-preview:-1"},"canonical":"https:\/\/3d-metal.pl\/en\/","og_locale":"en_GB","og_type":"article","og_title":"3D Metal Project Sp. z o.o. Sp. z o.o. - Producent wyrob\u00f3w z metalu","og_description":"3D Metal Project Sp. z o.o. - producent wyrob\u00f3w z metalu. Suszarki p\u00f3\u0142kowe do sitodruku i pracowni plastycznych, w\u00f3zki na palety, stojaki na drewno opa\u0142owe.","og_url":"https:\/\/3d-metal.pl\/en\/","og_site_name":"3D Metal Project Sp. z o.o.","article_modified_time":"2025-07-12T12:36:00+00:00","twitter_card":"summary_large_image","twitter_misc":{"Estimated reading time":"1 minute"},"schema":{"@context":"https:\/\/schema.org","@graph":[{"@type":["WebPage","ProfilePage"],"@id":"https:\/\/3d-metal.pl\/","url":"https:\/\/3d-metal.pl\/","name":"3D Metal Project Sp. z o.o. Sp. z o.o. - Producent wyrob\u00f3w z metalu","isPartOf":{"@id":"https:\/\/3d-metal.pl\/#website"},"datePublished":"2025-05-27T23:04:42+00:00","dateModified":"2025-07-12T12:36:00+00:00","description":"3D Metal Project Sp. z o.o. - producent wyrob\u00f3w z metalu. Suszarki p\u00f3\u0142kowe do sitodruku i pracowni plastycznych, w\u00f3zki na palety, stojaki na drewno opa\u0142owe.","breadcrumb":{"@id":"https:\/\/3d-metal.pl\/#breadcrumb"},"inLanguage":"en-GB","potentialAction":[{"@type":"ReadAction","target":["https:\/\/3d-metal.pl\/"]}]},{"@type":"BreadcrumbList","@id":"https:\/\/3d-metal.pl\/#breadcrumb","itemListElement":[{"@type":"ListItem","position":1,"name":"Strona g\u0142\u00f3wna","item":"https:\/\/3d-metal.pl\/"},{"@type":"ListItem","position":2,"name":"Strona g\u0142\u00f3wna"}]},{"@type":"WebSite","@id":"https:\/\/3d-metal.pl\/#website","url":"https:\/\/3d-metal.pl\/","name":"3D Metal Project","description":"3D Metal Project Sp. z o.o. - Producent wyrob\u00f3w z metalu","publisher":{"@id":"https:\/\/3d-metal.pl\/#organization"},"potentialAction":[{"@type":"SearchAction","target":{"@type":"EntryPoint","urlTemplate":"https:\/\/3d-metal.pl\/?s={search_term_string}"},"query-input":{"@type":"PropertyValueSpecification","valueRequired":true,"valueName":"search_term_string"}}],"inLanguage":"en-GB"},{"@type":"Organization","@id":"https:\/\/3d-metal.pl\/#organization","name":"3D Metal Project","url":"https:\/\/3d-metal.pl\/","logo":{"@type":"ImageObject","inLanguage":"en-GB","@id":"https:\/\/3d-metal.pl\/#\/schema\/logo\/image\/","url":"https:\/\/3d-metal.pl\/wp-content\/uploads\/2025\/05\/logo.png","contentUrl":"https:\/\/3d-metal.pl\/wp-content\/uploads\/2025\/05\/logo.png","width":348,"height":50,"caption":"3D Metal Project"},"image":{"@id":"https:\/\/3d-metal.pl\/#\/schema\/logo\/image\/"},"mainEntityOfPage":{"@id":"https:\/\/3d-metal.pl\/"}}]}},"_links":{"self":[{"href":"https:\/\/3d-metal.pl\/en\/wp-json\/wp\/v2\/pages\/23","targetHints":{"allow":["GET"]}}],"collection":[{"href":"https:\/\/3d-metal.pl\/en\/wp-json\/wp\/v2\/pages"}],"about":[{"href":"https:\/\/3d-metal.pl\/en\/wp-json\/wp\/v2\/types\/page"}],"author":[{"embeddable":true,"href":"https:\/\/3d-metal.pl\/en\/wp-json\/wp\/v2\/users\/1"}],"replies":[{"embeddable":true,"href":"https:\/\/3d-metal.pl\/en\/wp-json\/wp\/v2\/comments?post=23"}],"version-history":[{"count":74,"href":"https:\/\/3d-metal.pl\/en\/wp-json\/wp\/v2\/pages\/23\/revisions"}],"predecessor-version":[{"id":1135,"href":"https:\/\/3d-metal.pl\/en\/wp-json\/wp\/v2\/pages\/23\/revisions\/1135"}],"wp:attachment":[{"href":"https:\/\/3d-metal.pl\/en\/wp-json\/wp\/v2\/media?parent=23"}],"curies":[{"name":"wp","href":"https:\/\/api.w.org\/{rel}","templated":true}]}}