{"id":27,"date":"2025-05-28T01:05:13","date_gmt":"2025-05-27T23:05:13","guid":{"rendered":"https:\/\/3d-metal.pl\/?page_id=27"},"modified":"2025-07-12T14:43:30","modified_gmt":"2025-07-12T12:43:30","slug":"wozki-na-palety","status":"publish","type":"page","link":"https:\/\/3d-metal.pl\/en\/wozki-na-palety\/","title":{"rendered":"Tray carts"},"content":{"rendered":"<div data-elementor-type=\"wp-page\" data-elementor-id=\"27\" class=\"elementor elementor-27\">\n\t\t\t\t<div class=\"elementor-element elementor-element-4a8f464 e-flex e-con-boxed wpr-particle-no wpr-jarallax-no wpr-parallax-no wpr-sticky-section-no wpr-equal-height-no e-con e-parent\" data-id=\"4a8f464\" data-element_type=\"container\">\n\t\t\t\t\t<div class=\"e-con-inner\">\n\t\t\t\t<div class=\"elementor-element elementor-element-2d68b9b elementor-widget elementor-widget-heading\" data-id=\"2d68b9b\" data-element_type=\"widget\" data-widget_type=\"heading.default\">\n\t\t\t\t<div class=\"elementor-widget-container\">\n\t\t\t\t\t<h2 class=\"elementor-heading-title elementor-size-default\">Tray carts<\/h2>\t\t\t\t<\/div>\n\t\t\t\t<\/div>\n\t\t\t\t<div class=\"elementor-element elementor-element-c71b942 elementor-widget elementor-widget-text-editor\" data-id=\"c71b942\" data-element_type=\"widget\" data-widget_type=\"text-editor.default\">\n\t\t\t\t<div class=\"elementor-widget-container\">\n\t\t\t\t\t\t\t\t\t<p class=\"text-justify\">Tray carts are used in workshops dealing with screen printing, pad printing, leather-working and so on.<\/p><p class=\"text-justify\">They are used for objects with irregular shapes (e.g. ballpoints, key rings, belts) which are arranged during different technological processes on so called trays to dry, store and transport.<\/p><p class=\"text-justify\">Single trays must be placed at subsequent levels of the metal frame of the cart.<\/p><p class=\"text-justify\">We offer a powder coated metal cart made of closed steel profiles. Mounted swiveling wheels can be adapted to the needs of your specific company conditions e.g. with a brake or heat-resistant wheels. There is a possibility of purchasing the cart without trays.<\/p>\t\t\t\t\t\t\t\t<\/div>\n\t\t\t\t<\/div>\n\t\t\t\t\t<\/div>\n\t\t\t\t<\/div>\n\t\t<div class=\"elementor-element elementor-element-44e202a e-flex e-con-boxed wpr-particle-no wpr-jarallax-no wpr-parallax-no wpr-sticky-section-no wpr-equal-height-no e-con e-parent\" data-id=\"44e202a\" data-element_type=\"container\">\n\t\t\t\t\t<div class=\"e-con-inner\">\n\t\t\t\t<div class=\"elementor-element elementor-element-522788d gallery-spacing-custom elementor-widget elementor-widget-image-gallery\" data-id=\"522788d\" data-element_type=\"widget\" data-widget_type=\"image-gallery.default\">\n\t\t\t\t<div class=\"elementor-widget-container\">\n\t\t\t\t\t\t\t<div class=\"elementor-image-gallery\">\n\t\t\t<div id='gallery-1' class='gallery galleryid-27 gallery-columns-3 gallery-size-full'><figure class='gallery-item'>\n\t\t\t<div class='gallery-icon portrait'>\n\t\t\t\t<a data-elementor-open-lightbox=\"yes\" data-elementor-lightbox-slideshow=\"522788d\" data-e-action-hash=\"#elementor-action%3Aaction%3Dlightbox%26settings%3DeyJpZCI6MTUwLCJ1cmwiOiJodHRwczpcL1wvM2QtbWV0YWwucGxcL3dwLWNvbnRlbnRcL3VwbG9hZHNcLzIwMjVcLzA1XC93b3pla19uYV9wYWxldHlfMV81ODQuanBnIiwic2xpZGVzaG93IjoiNTIyNzg4ZCJ9\" href='https:\/\/3d-metal.pl\/wp-content\/uploads\/2025\/05\/wozek_na_palety_1_584.jpg'><img fetchpriority=\"high\" decoding=\"async\" width=\"293\" height=\"584\" src=\"https:\/\/3d-metal.pl\/wp-content\/uploads\/2025\/05\/wozek_na_palety_1_584.jpg\" class=\"attachment-full size-full\" alt=\"\" srcset=\"https:\/\/3d-metal.pl\/wp-content\/uploads\/2025\/05\/wozek_na_palety_1_584.jpg 293w, https:\/\/3d-metal.pl\/wp-content\/uploads\/2025\/05\/wozek_na_palety_1_584-151x300.jpg 151w, https:\/\/3d-metal.pl\/wp-content\/uploads\/2025\/05\/wozek_na_palety_1_584-6x12.jpg 6w\" sizes=\"(max-width: 293px) 100vw, 293px\" \/><\/a>\n\t\t\t<\/div><\/figure><figure class='gallery-item'>\n\t\t\t<div class='gallery-icon portrait'>\n\t\t\t\t<a data-elementor-open-lightbox=\"yes\" data-elementor-lightbox-slideshow=\"522788d\" data-e-action-hash=\"#elementor-action%3Aaction%3Dlightbox%26settings%3DeyJpZCI6MTUxLCJ1cmwiOiJodHRwczpcL1wvM2QtbWV0YWwucGxcL3dwLWNvbnRlbnRcL3VwbG9hZHNcLzIwMjVcLzA1XC93b3pla19uYV9wYWxldHlfMl81ODQuanBnIiwic2xpZGVzaG93IjoiNTIyNzg4ZCJ9\" href='https:\/\/3d-metal.pl\/wp-content\/uploads\/2025\/05\/wozek_na_palety_2_584.jpg'><img decoding=\"async\" width=\"276\" height=\"584\" src=\"https:\/\/3d-metal.pl\/wp-content\/uploads\/2025\/05\/wozek_na_palety_2_584.jpg\" class=\"attachment-full size-full\" alt=\"\" srcset=\"https:\/\/3d-metal.pl\/wp-content\/uploads\/2025\/05\/wozek_na_palety_2_584.jpg 276w, https:\/\/3d-metal.pl\/wp-content\/uploads\/2025\/05\/wozek_na_palety_2_584-142x300.jpg 142w, https:\/\/3d-metal.pl\/wp-content\/uploads\/2025\/05\/wozek_na_palety_2_584-6x12.jpg 6w\" sizes=\"(max-width: 276px) 100vw, 276px\" \/><\/a>\n\t\t\t<\/div><\/figure><figure class='gallery-item'>\n\t\t\t<div class='gallery-icon portrait'>\n\t\t\t\t<a data-elementor-open-lightbox=\"yes\" data-elementor-lightbox-slideshow=\"522788d\" data-e-action-hash=\"#elementor-action%3Aaction%3Dlightbox%26settings%3DeyJpZCI6MTUyLCJ1cmwiOiJodHRwczpcL1wvM2QtbWV0YWwucGxcL3dwLWNvbnRlbnRcL3VwbG9hZHNcLzIwMjVcLzA1XC93b3pla19uYV9wYWxldHlfM181ODQuanBnIiwic2xpZGVzaG93IjoiNTIyNzg4ZCJ9\" href='https:\/\/3d-metal.pl\/wp-content\/uploads\/2025\/05\/wozek_na_palety_3_584.jpg'><img decoding=\"async\" width=\"303\" height=\"584\" src=\"https:\/\/3d-metal.pl\/wp-content\/uploads\/2025\/05\/wozek_na_palety_3_584.jpg\" class=\"attachment-full size-full\" alt=\"\" srcset=\"https:\/\/3d-metal.pl\/wp-content\/uploads\/2025\/05\/wozek_na_palety_3_584.jpg 303w, https:\/\/3d-metal.pl\/wp-content\/uploads\/2025\/05\/wozek_na_palety_3_584-156x300.jpg 156w, https:\/\/3d-metal.pl\/wp-content\/uploads\/2025\/05\/wozek_na_palety_3_584-6x12.jpg 6w\" sizes=\"(max-width: 303px) 100vw, 303px\" \/><\/a>\n\t\t\t<\/div><\/figure>\n\t\t<\/div>\n\t\t<\/div>\n\t\t\t\t\t\t<\/div>\n\t\t\t\t<\/div>\n\t\t\t\t\t<\/div>\n\t\t\t\t<\/div>\n\t\t<div class=\"elementor-element elementor-element-20bee1f e-flex e-con-boxed wpr-particle-no wpr-jarallax-no wpr-parallax-no wpr-sticky-section-no wpr-equal-height-no e-con e-parent\" data-id=\"20bee1f\" data-element_type=\"container\">\n\t\t\t\t\t<div class=\"e-con-inner\">\n\t\t\t\t<div class=\"elementor-element elementor-element-d7d5e67 elementor-widget elementor-widget-heading\" data-id=\"d7d5e67\" data-element_type=\"widget\" data-widget_type=\"heading.default\">\n\t\t\t\t<div class=\"elementor-widget-container\">\n\t\t\t\t\t<h2 class=\"elementor-heading-title elementor-size-default\">Offer<\/h2>\t\t\t\t<\/div>\n\t\t\t\t<\/div>\n\t\t\t\t<div class=\"elementor-element elementor-element-585f4d1 elementor-widget elementor-widget-eael-advanced-data-table\" data-id=\"585f4d1\" data-element_type=\"widget\" id=\"tray-carts-offer\" data-widget_type=\"eael-advanced-data-table.default\">\n\t\t\t\t<div class=\"elementor-widget-container\">\n\t\t\t\t\t<div class=\"ea-advanced-data-table-wrap\" data-id=\"585f4d1\"><div class=\"ea-advanced-data-table-wrap-inner\">\n                <table class=\"ea-advanced-data-table ea-advanced-data-table-static ea-advanced-data-table-585f4d1\" data-id=\"585f4d1\"><tbody><tr><th><p>Code<\/p><\/th><th><p>External dimension<\/p><\/th><th><p>Working dimension<\/p><\/th><th><p>Number of shelves<\/p><\/th><th><p>Distance between shelves<\/p><\/th><\/tr><tr><td><p>WP.60.40.50.20<\/p><\/td><td><p>67 cm x 43 cm x 120 cm<\/p><\/td><td><p>60 cm x 40 cm<\/p><\/td><td><p>20<\/p><\/td><td><p>50 mm<\/p><\/td><\/tr><tr><td><p>WP.40.60.50.20<\/p><\/td><td><p>47 cm x 63 cm x 120 cm<\/p><\/td><td><p>60 cm x 40 cm<\/p><\/td><td><p>20<\/p><\/td><td><p>50 mm<\/p><\/td><\/tr><tr><td><p>PAL.60.40.D<\/p><\/td><td><\/td><td><p>60 cm x 40 cm<\/p><\/td><td><\/td><td><\/td><\/tr><tr><td><p>WP.80.60.50.20<\/p><\/td><td><p>87 cm x 63 cm 120 cm<\/p><\/td><td><p>80 cm x 60 cm<\/p><\/td><td><p>20<\/p><\/td><td><p>50 mm<\/p><\/td><\/tr><tr><td><p>WP.60.80.50.20<\/p><\/td><td><p>67 cm x 83 cm x 120 cm<\/p><\/td><td><p>60 cm x 80 cm<\/p><\/td><td><p>20<\/p><\/td><td><p>50 mm<\/p><\/td><\/tr><tr><td><p>PAL.80.60.D<\/p><\/td><td><\/td><td><p>80 cm x 60 cm<\/p><\/td><td><\/td><td><\/td><\/tr><\/tbody><\/table>\n            <\/div><\/div>\t\t\t\t<\/div>\n\t\t\t\t<\/div>\n\t\t\t\t\t<\/div>\n\t\t\t\t<\/div>\n\t\t\t\t<\/div>","protected":false},"excerpt":{"rendered":"<p>W\u00f3zki na palety W\u00f3zki na palety znajduj\u0105 zastosowanie w pracowniach sitodruku, tampodruku, kaletniczych i innych. Przeznaczone s\u0105 do suszenia, magazynowania i transportu drobnych element\u00f3w o nieregularnych kszta\u0142tach (np. d\u0142ugopisy, breloczki, paski), kt\u00f3re w r\u00f3\u017cnych procesach technologicznych s\u0105 uk\u0142adane na tzw. paletach. Pojedyncze palety umieszcza si\u0119 na kolejnych poziomach w metalowym stela\u017cu &#8211; w\u00f3zku na palety. Oferujemy konstrukcj\u0119 metalow\u0105 w\u00f3zka malowan\u0105 proszkowo wykonan\u0105 z zamkni\u0119tych profili stalowych. Zamontowane skr\u0119tne ko\u0142a mog\u0105 by\u0107 dostosowane do specyficznych warunk\u00f3w pracy, np. z hamulcem, odporne na temperatur\u0119. Istnieje mo\u017cliwo\u015b\u0107 zakupu samego w\u00f3zka bez palet. Oferta Kod Wymiary zewn\u0119trzne (A1 x B1 x H1) Wymiar palety (A x B) Liczba p\u00f3\u0142ek Odleg\u0142o\u015b\u0107 mi\u0119dzy paletami WP.60.40.50.20 67 cm x 43 cm x 120 cm 60 cm x 40 cm 20 50 mm WP.40.60.50.20 47 cm x 63 cm x 120 cm 60 cm x 40 cm 20 50 mm PAL.60.40.D 60 cm x 40 cm WP.80.60.50.20 87 cm x 63 cm 120 cm 80 cm x 60 cm 20 50 mm WP.60.80.50.20 67 cm x 83 cm x 120 cm 60 cm x 80 cm 20 50 mm PAL.80.60.D 80 cm x 60 cm<\/p>","protected":false},"author":1,"featured_media":0,"parent":0,"menu_order":0,"comment_status":"closed","ping_status":"closed","template":"elementor_header_footer","meta":{"footnotes":""},"class_list":["post-27","page","type-page","status-publish","hentry"],"yoast_head":"<!-- This site is optimized with the Yoast SEO plugin v27.5 - https:\/\/yoast.com\/product\/yoast-seo-wordpress\/ -->\n<title>W\u00f3zki na palety - 3D Metal Project Sp. z o.o.<\/title>\n<meta name=\"description\" content=\"Przeznaczone do suszenia, magazynowania i transportu drobnych element\u00f3w o nieregularnych kszta\u0142tach (np. d\u0142ugopisy, breloczki, paski).\" \/>\n<meta name=\"robots\" content=\"index, follow, max-snippet:-1, max-image-preview:large, max-video-preview:-1\" \/>\n<link rel=\"canonical\" href=\"https:\/\/3d-metal.pl\/en\/wozki-na-palety\/\" \/>\n<meta property=\"og:locale\" content=\"en_GB\" \/>\n<meta property=\"og:type\" content=\"article\" \/>\n<meta property=\"og:title\" content=\"W\u00f3zki na palety - 3D Metal Project Sp. z o.o.\" \/>\n<meta property=\"og:description\" content=\"Przeznaczone do suszenia, magazynowania i transportu drobnych element\u00f3w o nieregularnych kszta\u0142tach (np. d\u0142ugopisy, breloczki, paski).\" \/>\n<meta property=\"og:url\" content=\"https:\/\/3d-metal.pl\/en\/wozki-na-palety\/\" \/>\n<meta property=\"og:site_name\" content=\"3D Metal Project Sp. z o.o.\" \/>\n<meta property=\"article:modified_time\" content=\"2025-07-12T12:43:30+00:00\" \/>\n<meta property=\"og:image\" content=\"https:\/\/3d-metal.pl\/wp-content\/uploads\/2025\/05\/wozek_na_palety_1_584.jpg\" \/>\n<meta name=\"twitter:card\" content=\"summary_large_image\" \/>\n<meta name=\"twitter:label1\" content=\"Estimated reading time\" \/>\n\t<meta name=\"twitter:data1\" content=\"2 minutes\" \/>\n<script type=\"application\/ld+json\" class=\"yoast-schema-graph\">{\"@context\":\"https:\\\/\\\/schema.org\",\"@graph\":[{\"@type\":\"WebPage\",\"@id\":\"https:\\\/\\\/3d-metal.pl\\\/wozki-na-palety\\\/\",\"url\":\"https:\\\/\\\/3d-metal.pl\\\/wozki-na-palety\\\/\",\"name\":\"W\u00f3zki na palety - 3D Metal Project Sp. z o.o.\",\"isPartOf\":{\"@id\":\"https:\\\/\\\/3d-metal.pl\\\/#website\"},\"primaryImageOfPage\":{\"@id\":\"https:\\\/\\\/3d-metal.pl\\\/wozki-na-palety\\\/#primaryimage\"},\"image\":{\"@id\":\"https:\\\/\\\/3d-metal.pl\\\/wozki-na-palety\\\/#primaryimage\"},\"thumbnailUrl\":\"https:\\\/\\\/3d-metal.pl\\\/wp-content\\\/uploads\\\/2025\\\/05\\\/wozek_na_palety_1_584.jpg\",\"datePublished\":\"2025-05-27T23:05:13+00:00\",\"dateModified\":\"2025-07-12T12:43:30+00:00\",\"description\":\"Przeznaczone do suszenia, magazynowania i transportu drobnych element\u00f3w o nieregularnych kszta\u0142tach (np. d\u0142ugopisy, breloczki, paski).\",\"breadcrumb\":{\"@id\":\"https:\\\/\\\/3d-metal.pl\\\/wozki-na-palety\\\/#breadcrumb\"},\"inLanguage\":\"en-GB\",\"potentialAction\":[{\"@type\":\"ReadAction\",\"target\":[\"https:\\\/\\\/3d-metal.pl\\\/wozki-na-palety\\\/\"]}]},{\"@type\":\"ImageObject\",\"inLanguage\":\"en-GB\",\"@id\":\"https:\\\/\\\/3d-metal.pl\\\/wozki-na-palety\\\/#primaryimage\",\"url\":\"https:\\\/\\\/3d-metal.pl\\\/wp-content\\\/uploads\\\/2025\\\/05\\\/wozek_na_palety_1_584.jpg\",\"contentUrl\":\"https:\\\/\\\/3d-metal.pl\\\/wp-content\\\/uploads\\\/2025\\\/05\\\/wozek_na_palety_1_584.jpg\"},{\"@type\":\"BreadcrumbList\",\"@id\":\"https:\\\/\\\/3d-metal.pl\\\/wozki-na-palety\\\/#breadcrumb\",\"itemListElement\":[{\"@type\":\"ListItem\",\"position\":1,\"name\":\"Strona g\u0142\u00f3wna\",\"item\":\"https:\\\/\\\/3d-metal.pl\\\/\"},{\"@type\":\"ListItem\",\"position\":2,\"name\":\"W\u00f3zki na palety\"}]},{\"@type\":\"WebSite\",\"@id\":\"https:\\\/\\\/3d-metal.pl\\\/#website\",\"url\":\"https:\\\/\\\/3d-metal.pl\\\/\",\"name\":\"3D Metal Project\",\"description\":\"3D Metal Project Sp. z o.o. - Producent wyrob\u00f3w z metalu\",\"publisher\":{\"@id\":\"https:\\\/\\\/3d-metal.pl\\\/#organization\"},\"potentialAction\":[{\"@type\":\"SearchAction\",\"target\":{\"@type\":\"EntryPoint\",\"urlTemplate\":\"https:\\\/\\\/3d-metal.pl\\\/?s={search_term_string}\"},\"query-input\":{\"@type\":\"PropertyValueSpecification\",\"valueRequired\":true,\"valueName\":\"search_term_string\"}}],\"inLanguage\":\"en-GB\"},{\"@type\":\"Organization\",\"@id\":\"https:\\\/\\\/3d-metal.pl\\\/#organization\",\"name\":\"3D Metal Project\",\"url\":\"https:\\\/\\\/3d-metal.pl\\\/\",\"logo\":{\"@type\":\"ImageObject\",\"inLanguage\":\"en-GB\",\"@id\":\"https:\\\/\\\/3d-metal.pl\\\/#\\\/schema\\\/logo\\\/image\\\/\",\"url\":\"https:\\\/\\\/3d-metal.pl\\\/wp-content\\\/uploads\\\/2025\\\/05\\\/logo.png\",\"contentUrl\":\"https:\\\/\\\/3d-metal.pl\\\/wp-content\\\/uploads\\\/2025\\\/05\\\/logo.png\",\"width\":348,\"height\":50,\"caption\":\"3D Metal Project\"},\"image\":{\"@id\":\"https:\\\/\\\/3d-metal.pl\\\/#\\\/schema\\\/logo\\\/image\\\/\"}}]}<\/script>\n<!-- \/ Yoast SEO plugin. -->","yoast_head_json":{"title":"W\u00f3zki na palety - 3D Metal Project Sp. z o.o.","description":"Przeznaczone do suszenia, magazynowania i transportu drobnych element\u00f3w o nieregularnych kszta\u0142tach (np. d\u0142ugopisy, breloczki, paski).","robots":{"index":"index","follow":"follow","max-snippet":"max-snippet:-1","max-image-preview":"max-image-preview:large","max-video-preview":"max-video-preview:-1"},"canonical":"https:\/\/3d-metal.pl\/en\/wozki-na-palety\/","og_locale":"en_GB","og_type":"article","og_title":"W\u00f3zki na palety - 3D Metal Project Sp. z o.o.","og_description":"Przeznaczone do suszenia, magazynowania i transportu drobnych element\u00f3w o nieregularnych kszta\u0142tach (np. d\u0142ugopisy, breloczki, paski).","og_url":"https:\/\/3d-metal.pl\/en\/wozki-na-palety\/","og_site_name":"3D Metal Project Sp. z o.o.","article_modified_time":"2025-07-12T12:43:30+00:00","og_image":[{"url":"https:\/\/3d-metal.pl\/wp-content\/uploads\/2025\/05\/wozek_na_palety_1_584.jpg","type":"","width":"","height":""}],"twitter_card":"summary_large_image","twitter_misc":{"Estimated reading time":"2 minutes"},"schema":{"@context":"https:\/\/schema.org","@graph":[{"@type":"WebPage","@id":"https:\/\/3d-metal.pl\/wozki-na-palety\/","url":"https:\/\/3d-metal.pl\/wozki-na-palety\/","name":"W\u00f3zki na palety - 3D Metal Project Sp. z o.o.","isPartOf":{"@id":"https:\/\/3d-metal.pl\/#website"},"primaryImageOfPage":{"@id":"https:\/\/3d-metal.pl\/wozki-na-palety\/#primaryimage"},"image":{"@id":"https:\/\/3d-metal.pl\/wozki-na-palety\/#primaryimage"},"thumbnailUrl":"https:\/\/3d-metal.pl\/wp-content\/uploads\/2025\/05\/wozek_na_palety_1_584.jpg","datePublished":"2025-05-27T23:05:13+00:00","dateModified":"2025-07-12T12:43:30+00:00","description":"Przeznaczone do suszenia, magazynowania i transportu drobnych element\u00f3w o nieregularnych kszta\u0142tach (np. d\u0142ugopisy, breloczki, paski).","breadcrumb":{"@id":"https:\/\/3d-metal.pl\/wozki-na-palety\/#breadcrumb"},"inLanguage":"en-GB","potentialAction":[{"@type":"ReadAction","target":["https:\/\/3d-metal.pl\/wozki-na-palety\/"]}]},{"@type":"ImageObject","inLanguage":"en-GB","@id":"https:\/\/3d-metal.pl\/wozki-na-palety\/#primaryimage","url":"https:\/\/3d-metal.pl\/wp-content\/uploads\/2025\/05\/wozek_na_palety_1_584.jpg","contentUrl":"https:\/\/3d-metal.pl\/wp-content\/uploads\/2025\/05\/wozek_na_palety_1_584.jpg"},{"@type":"BreadcrumbList","@id":"https:\/\/3d-metal.pl\/wozki-na-palety\/#breadcrumb","itemListElement":[{"@type":"ListItem","position":1,"name":"Strona g\u0142\u00f3wna","item":"https:\/\/3d-metal.pl\/"},{"@type":"ListItem","position":2,"name":"W\u00f3zki na palety"}]},{"@type":"WebSite","@id":"https:\/\/3d-metal.pl\/#website","url":"https:\/\/3d-metal.pl\/","name":"3D Metal Project","description":"3D Metal Project Sp. z o.o. - Producent wyrob\u00f3w z metalu","publisher":{"@id":"https:\/\/3d-metal.pl\/#organization"},"potentialAction":[{"@type":"SearchAction","target":{"@type":"EntryPoint","urlTemplate":"https:\/\/3d-metal.pl\/?s={search_term_string}"},"query-input":{"@type":"PropertyValueSpecification","valueRequired":true,"valueName":"search_term_string"}}],"inLanguage":"en-GB"},{"@type":"Organization","@id":"https:\/\/3d-metal.pl\/#organization","name":"3D Metal Project","url":"https:\/\/3d-metal.pl\/","logo":{"@type":"ImageObject","inLanguage":"en-GB","@id":"https:\/\/3d-metal.pl\/#\/schema\/logo\/image\/","url":"https:\/\/3d-metal.pl\/wp-content\/uploads\/2025\/05\/logo.png","contentUrl":"https:\/\/3d-metal.pl\/wp-content\/uploads\/2025\/05\/logo.png","width":348,"height":50,"caption":"3D Metal Project"},"image":{"@id":"https:\/\/3d-metal.pl\/#\/schema\/logo\/image\/"}}]}},"_links":{"self":[{"href":"https:\/\/3d-metal.pl\/en\/wp-json\/wp\/v2\/pages\/27","targetHints":{"allow":["GET"]}}],"collection":[{"href":"https:\/\/3d-metal.pl\/en\/wp-json\/wp\/v2\/pages"}],"about":[{"href":"https:\/\/3d-metal.pl\/en\/wp-json\/wp\/v2\/types\/page"}],"author":[{"embeddable":true,"href":"https:\/\/3d-metal.pl\/en\/wp-json\/wp\/v2\/users\/1"}],"replies":[{"embeddable":true,"href":"https:\/\/3d-metal.pl\/en\/wp-json\/wp\/v2\/comments?post=27"}],"version-history":[{"count":52,"href":"https:\/\/3d-metal.pl\/en\/wp-json\/wp\/v2\/pages\/27\/revisions"}],"predecessor-version":[{"id":1115,"href":"https:\/\/3d-metal.pl\/en\/wp-json\/wp\/v2\/pages\/27\/revisions\/1115"}],"wp:attachment":[{"href":"https:\/\/3d-metal.pl\/en\/wp-json\/wp\/v2\/media?parent=27"}],"curies":[{"name":"wp","href":"https:\/\/api.w.org\/{rel}","templated":true}]}}