{"id":3,"date":"2025-05-28T00:25:33","date_gmt":"2025-05-27T22:25:33","guid":{"rendered":"https:\/\/3d-metal.pl\/?page_id=3"},"modified":"2025-07-09T18:59:56","modified_gmt":"2025-07-09T16:59:56","slug":"polityka-prywatnosci","status":"publish","type":"page","link":"https:\/\/3d-metal.pl\/en\/polityka-prywatnosci\/","title":{"rendered":"Privacy Policy"},"content":{"rendered":"<div data-elementor-type=\"wp-page\" data-elementor-id=\"3\" class=\"elementor elementor-3\">\n\t\t\t\t<div class=\"elementor-element elementor-element-090d1e0 e-flex e-con-boxed wpr-particle-no wpr-jarallax-no wpr-parallax-no wpr-sticky-section-no wpr-equal-height-no e-con e-parent\" data-id=\"090d1e0\" data-element_type=\"container\" id=\"privacy-policy\">\n\t\t\t\t\t<div class=\"e-con-inner\">\n\t\t\t\t<div class=\"elementor-element elementor-element-f5a96d8 elementor-widget elementor-widget-heading\" data-id=\"f5a96d8\" data-element_type=\"widget\" data-widget_type=\"heading.default\">\n\t\t\t\t<div class=\"elementor-widget-container\">\n\t\t\t\t\t<h2 class=\"elementor-heading-title elementor-size-default\">Privacy Policy<\/h2>\t\t\t\t<\/div>\n\t\t\t\t<\/div>\n\t\t\t\t<div class=\"elementor-element elementor-element-6e15389 elementor-widget elementor-widget-text-editor\" data-id=\"6e15389\" data-element_type=\"widget\" data-widget_type=\"text-editor.default\">\n\t\t\t\t<div class=\"elementor-widget-container\">\n\t\t\t\t\t\t\t\t\t\n<h2 class=\"wp-block-heading\"><strong>1. Informacje og\u00f3lne<\/strong><\/h2>\n\n\n\n<ol class=\"wp-block-list\">\n<li>Niniejsza polityka dotyczy serwisu www, funkcjonuj\u0105cego pod adresem url:\u00a0<strong>3d-metal.pl<\/strong><\/li>\n\n\n\n<li>W\u0142a\u015bcicielem serwisu internetowego <strong>3d-metal.pl<\/strong> jest: 3D METAL PROJECT Sp. z o.o., ul. Polna 17, 95-200, Pabianice, Polska, Nr KRS: 0000561925 (S\u0104D REJONOWY dla \u0141ODZI-\u015aR\u00d3DMIE\u015aCIA, XX WYDZIA\u0141 GOSPODARCZY KRAJOWEGO REJESTRU S\u0104DOWEGO), NIP: 7312049327, Regon: 361781006<\/li>\n\n\n\n<li>Adres kontaktowy poczty elektronicznej w\u0142a\u015bciciela: info@3d-metal.pl<\/li>\n\n\n\n<li>Operator jest Administratorem Twoich danych osobowych w odniesieniu do danych podanych dobrowolnie w Serwisie.<\/li>\n<li>Serwis pozyskuje nast\u0119puj\u0105ce informacje:<br \/>\n<ul>\n<li>Automatycznie generowane logi serwera www<\/li>\n<li>Dane wprowadzone w formularzu kontaktowym<\/li>\n<li>Pliki cookie dla narz\u0119dzia Google Analytics<\/li>\n<\/ul>\n<\/li>\n\n\n\n<li>Serwis wykorzystuje dane osobowe w nast\u0119puj\u0105cych celach:\n<ul class=\"wp-block-list\">\n<li>Obs\u0142uga zapyta\u0144 przez formularz<\/li>\n\n\n\n<li>Prezentacja oferty lub informacji<\/li>\n<\/ul>\n<\/li>\n\n\n\n<li>Serwis realizuje funkcje pozyskiwania informacji o u\u017cytkownikach i ich zachowaniu w nast\u0119puj\u0105cy spos\u00f3b:\n<ul class=\"wp-block-list\">\n<li>Poprzez dobrowolnie wprowadzone w formularzach dane, kt\u00f3re zostaj\u0105 wprowadzone do system\u00f3w Operatora.<\/li>\n\n\n\n<li>Poprzez zapisywanie w urz\u0105dzeniach ko\u0144cowych plik\u00f3w cookie (tzw. \u201eciasteczka\u201d).<\/li>\n<\/ul>\n<\/li>\n<li>Serwis korzysta z narz\u0119dzia Google Analytics, udost\u0119pnionego przez Google Inc (\u201cGoogle\u201d) w celu analizy statystycznej ogl\u0105dalno\u015bci serwisu.<\/li>\n<li>Operator Serwisu Internetowego &#8222;3d-metal.pl&#8221; zastrzega sobie prawo do wprowadzania zmian w niniejszej Polityce Prywatno\u015bci.<\/li>\n<li>Polityka Prywatno\u015bci obowi\u0105zuje wszystkie osoby odwiedzaj\u0105ce nasz serwis.<\/li>\n<\/ol>\n\n\n\n<h2 class=\"wp-block-heading\"><strong>2. Wybrane metody ochrony danych stosowane przez Operatora<\/strong><\/h2>\n\n\n\n<ol class=\"wp-block-list\">\n<li>Miejsca logowania i wprowadzania danych osobowych s\u0105 chronione w warstwie transmisji (certyfikat SSL). Dzi\u0119ki temu dane osobowe i dane logowania, wprowadzone na stronie, zostaj\u0105 zaszyfrowane w komputerze u\u017cytkownika i mog\u0105 by\u0107 odczytane jedynie na docelowym serwerze.<\/li>\n<\/ol>\n\n\n\n<h2 class=\"wp-block-heading\"><strong>3. Twoje prawa i dodatkowe informacje o sposobie wykorzystania danych<\/strong><\/h2>\n\n\n\n<ol class=\"wp-block-list\">\n<li>W niekt\u00f3rych sytuacjach Administrator ma prawo przekazywa\u0107 Twoje dane osobowe innym odbiorcom, je\u015bli b\u0119dzie to niezb\u0119dne do wykonania zawartej z Tob\u0105 umowy lub do zrealizowania obowi\u0105zk\u00f3w ci\u0105\u017c\u0105cych na Administratorze. Dotyczy to takich grup odbiorc\u00f3w:\n<ul class=\"wp-block-list\">\n<li>firma hostingowa na zasadzie powierzenia<\/li>\n\n\n\n<li>upowa\u017cnieni pracownicy i wsp\u00f3\u0142pracownicy, kt\u00f3rzy korzystaj\u0105 z danych w celu realizacji celu dzia\u0142ania strony<\/li>\n<\/ul>\n<\/li>\n\n\n\n<li>Twoje dane osobowe przetwarzane przez Administratora nie d\u0142u\u017cej, ni\u017c jest to konieczne do wykonania zwi\u0105zanych z nimi czynno\u015bci okre\u015blonych osobnymi przepisami (np. o prowadzeniu rachunkowo\u015bci). W odniesieniu do danych marketingowych dane nie b\u0119d\u0105 przetwarzane d\u0142u\u017cej ni\u017c przez 3 lata.<\/li>\n\n\n\n<li>Przys\u0142uguje Ci prawo \u017c\u0105dania od Administratora:\n<ul class=\"wp-block-list\">\n<li>dost\u0119pu do danych osobowych Ciebie dotycz\u0105cych,<\/li>\n\n\n\n<li>ich sprostowania,<\/li>\n\n\n\n<li>usuni\u0119cia,<\/li>\n\n\n\n<li>ograniczenia przetwarzania,<\/li>\n\n\n\n<li>oraz przenoszenia danych.<\/li>\n<\/ul>\n<\/li>\n\n\n\n<li>Przys\u0142uguje Ci prawo do z\u0142o\u017cenia sprzeciwu w zakresie przetwarzania wskazanego w pkt 3.3 c) wobec przetwarzania danych osobowych w celu wykonania prawnie uzasadnionych interes\u00f3w realizowanych przez Administratora, w tym profilowania, przy czym prawo sprzeciwu nie b\u0119dzie mog\u0142o by\u0107 wykonane w przypadku istnienia wa\u017cnych prawnie uzasadnionych podstaw do przetwarzania, nadrz\u0119dnych wobec Ciebie interes\u00f3w, praw i wolno\u015bci, w szczeg\u00f3lno\u015bci ustalenia, dochodzenia lub obrony roszcze\u0144.<\/li>\n\n\n\n<li>Na dzia\u0142ania Administratora przys\u0142uguje skarga do Prezesa Urz\u0119du Ochrony Danych Osobowych, ul. Stawki 2, 00-193 Warszawa.<\/li>\n\n\n\n<li>Podanie danych osobowych jest dobrowolne, lecz niezb\u0119dne do obs\u0142ugi Serwisu.<\/li>\n\n\n\n<li>W stosunku do Ciebie mog\u0105 by\u0107 podejmowane czynno\u015bci polegaj\u0105ce na zautomatyzowanym podejmowaniu decyzji, w tym profilowaniu w celu \u015bwiadczenia us\u0142ug w ramach zawartej umowy oraz w celu prowadzenia przez Administratora marketingu bezpo\u015bredniego.<\/li>\n\n\n\n<li>Dane osobowe nie s\u0105 przekazywane od kraj\u00f3w trzecich w rozumieniu przepis\u00f3w o ochronie danych osobowych. Oznacza to, \u017ce nie przesy\u0142amy ich poza teren Unii Europejskiej.<\/li>\n<\/ol>\n\n\n\n<h2 class=\"wp-block-heading\"><strong>4. Logi Administratora<\/strong><\/h2>\n\n\n\n<ol class=\"wp-block-list\">\n<li>Informacje zachowaniu u\u017cytkownik\u00f3w w serwisie mog\u0105 podlega\u0107 logowaniu. Dane te s\u0105 wykorzystywane w celu administrowania serwisem.<\/li>\n<\/ol>\n\n\n\n<ol class=\"wp-block-list\"><\/ol>\n\n\n\n<h2 class=\"wp-block-heading\"><strong>5. Informacja o plikach cookies<\/strong><\/h2>\n\n\n\n<ol class=\"wp-block-list\">\n<li>Serwis korzysta z plik\u00f3w cookies.<\/li>\n\n\n\n<li>Pliki cookies (tzw. \u201eciasteczka\u201d) stanowi\u0105 dane informatyczne, w szczeg\u00f3lno\u015bci pliki tekstowe, kt\u00f3re przechowywane s\u0105 w urz\u0105dzeniu ko\u0144cowym U\u017cytkownika Serwisu i przeznaczone s\u0105 do korzystania ze stron internetowych Serwisu. Cookies zazwyczaj zawieraj\u0105 nazw\u0119 strony internetowej, z kt\u00f3rej pochodz\u0105, czas przechowywania ich na urz\u0105dzeniu ko\u0144cowym oraz unikalny numer.<\/li>\n\n\n\n<li>Podmiotem zamieszczaj\u0105cym na urz\u0105dzeniu ko\u0144cowym U\u017cytkownika Serwisu pliki cookies oraz uzyskuj\u0105cym do nich dost\u0119p jest operator Serwisu.<\/li>\n\n\n\n<li>Pliki cookies wykorzystywane s\u0105 w nast\u0119puj\u0105cych celach:\n<ol class=\"wp-block-list\">\n<li>utrzymanie sesji u\u017cytkownika Serwisu (po zalogowaniu), dzi\u0119ki kt\u00f3rej u\u017cytkownik nie musi na ka\u017cdej podstronie Serwisu ponownie wpisywa\u0107 loginu i has\u0142a;<\/li>\n\n\n\n<li>realizacji cel\u00f3w okre\u015blonych powy\u017cej w cz\u0119\u015bci \u201eIstotne techniki marketingowe\u201d;<\/li>\n<\/ol>\n<\/li>\n\n\n\n<li>W ramach Serwisu stosowane s\u0105 dwa zasadnicze rodzaje plik\u00f3w cookies: \u201esesyjne\u201d (session cookies) oraz \u201esta\u0142e\u201d (persistent cookies). Cookies \u201esesyjne\u201d s\u0105 plikami tymczasowymi, kt\u00f3re przechowywane s\u0105 w urz\u0105dzeniu ko\u0144cowym U\u017cytkownika do czasu wylogowania, opuszczenia strony internetowej lub wy\u0142\u0105czenia oprogramowania (przegl\u0105darki internetowej). \u201eSta\u0142e\u201d pliki cookies przechowywane s\u0105 w urz\u0105dzeniu ko\u0144cowym U\u017cytkownika przez czas okre\u015blony w parametrach plik\u00f3w cookies lub do czasu ich usuni\u0119cia przez U\u017cytkownika.<\/li>\n\n\n\n<li>Oprogramowanie do przegl\u0105dania stron internetowych (przegl\u0105darka internetowa) zazwyczaj domy\u015blnie dopuszcza przechowywanie plik\u00f3w cookies w urz\u0105dzeniu ko\u0144cowym U\u017cytkownika. U\u017cytkownicy Serwisu mog\u0105 dokona\u0107 zmiany ustawie\u0144 w tym zakresie.\u00a0Przegl\u0105darka internetowa umo\u017cliwia usuni\u0119cie plik\u00f3w cookies. Mo\u017cliwe jest tak\u017ce automatyczne blokowanie plik\u00f3w cookies Szczeg\u00f3\u0142owe informacje na ten temat zawiera pomoc lub dokumentacja przegl\u0105darki internetowej.<\/li>\n\n\n\n<li>Ograniczenia stosowania plik\u00f3w cookies mog\u0105 wp\u0142yn\u0105\u0107 na niekt\u00f3re funkcjonalno\u015bci dost\u0119pne na stronach internetowych Serwisu.<\/li>\n<\/ol>\n\n\n\n<h2 class=\"wp-block-heading\"><strong>6. Zarz\u0105dzanie plikami cookies \u2013 jak w praktyce wyra\u017ca\u0107 i cofa\u0107 zgod\u0119?<\/strong><\/h2>\n\n\n\n\n\n<li style=\"list-style-type: none;\">\n<ol>\n<li>Je\u015bli u\u017cytkownik nie chce otrzymywa\u0107 plik\u00f3w cookies, mo\u017ce zmieni\u0107 ustawienia przegl\u0105darki. Zastrzegamy, \u017ce wy\u0142\u0105czenie obs\u0142ugi plik\u00f3w cookies niezb\u0119dnych dla proces\u00f3w uwierzytelniania, bezpiecze\u0144stwa, utrzymania preferencji u\u017cytkownika mo\u017ce utrudni\u0107, a w skrajnych przypadkach mo\u017ce uniemo\u017cliwi\u0107 korzystanie ze stron www<\/li>\n<li>W celu zarz\u0105dzania ustawienia cookies wybierz z listy poni\u017cej przegl\u0105dark\u0119 internetow\u0105, kt\u00f3rej u\u017cywasz i post\u0119puj zgodnie z instrukcjami:\n<ul>\n<li><a href=\"https:\/\/support.microsoft.com\/pl-pl\/help\/10607\/microsoft-edge-view-delete-browser-history\">Edge<\/a><\/li>\n<li><a href=\"https:\/\/support.microsoft.com\/pl-pl\/help\/278835\/how-to-delete-cookie-files-in-internet-explorer\">Internet Explorer<\/a><\/li>\n<li><a href=\"http:\/\/support.google.com\/chrome\/bin\/answer.py?hl=pl&amp;answer=95647\">Chrome<\/a><\/li>\n<li><a href=\"http:\/\/support.apple.com\/kb\/PH5042\">Safari<\/a><\/li>\n<li><a href=\"http:\/\/support.mozilla.org\/pl\/kb\/W%C5%82%C4%85czanie%20i%20wy%C5%82%C4%85czanie%20obs%C5%82ugi%20ciasteczek\">Firefox<\/a><\/li>\n<li><a href=\"http:\/\/help.opera.com\/Windows\/12.10\/pl\/cookies.html\">Opera<\/a><\/li>\n<\/ul>\n<\/li>\nUrz\u0105dzenia mobilne:\n<li style=\"list-style-type: none;\">\n<ul class=\"wp-block-list\">\n<li><a href=\"http:\/\/support.google.com\/chrome\/bin\/answer.py?hl=pl&amp;answer=95647\">Android<\/a><\/li>\n\n\n\n<li><a href=\"http:\/\/support.apple.com\/kb\/HT1677?viewlocale=pl_PL\">Safari (iOS)<\/a><\/li>\n<\/ul>\n<\/li>\n<\/ol>\n<\/li>\n<\/ol>\n\n\n\n<ul class=\"wp-block-list\"><\/ul>\n\n<h2 class=\"wp-block-heading\"><strong>7. Narz\u0119dzie Google Analytics<\/strong><\/h2>\n<div class=\"row\">\n<div class=\"col-md-12\">\n<ol>\n<li>Serwis korzysta z narz\u0119dzia Google Analytics, udost\u0119pnionego przez Google Inc (\u201cGoogle\u201d) w celu analizy statystycznej ogl\u0105dalno\u015bci Serwisy Internetowego.<\/li>\n<li>Narz\u0119dzie Google Analytics u\u017cywa \u201ecookies\u201d, czyli plik\u00f3w tekstowych umieszczanych na komputerze u\u017cytkownika w celu umo\u017cliwienia witrynie przeanalizowania sposobu, w jaki u\u017cytkownicy z niej korzystaj\u0105.<\/li>\n<li>Informacje generowane przez cookie na temat korzystania z witryny przez u\u017cytkownika (w\u0142\u0105cznie z jego adresem IP) b\u0119d\u0105 przekazywane sp\u00f3\u0142ce Google i przechowywane przez ni\u0105 na serwerach w Stanach Zjednoczonych.<\/li>\n<li>Wi\u0119cej szczeg\u00f3\u0142\u00f3w na temat wykorzystania \u201ecookies\u201d przez Google Analytics mo\u017cna znale\u015b\u0107\u00a0<a href=\"http:\/\/www.google.com\/analytics\/learn\/privacy.html\">w polityce prywatno\u015bci Google Analytics<\/a>.<\/li>\n<\/ol>\n<\/div>\n<\/div>\n\t\t\t\t\t\t\t\t<\/div>\n\t\t\t\t<\/div>\n\t\t\t\t\t<\/div>\n\t\t\t\t<\/div>\n\t\t\t\t<\/div>","protected":false},"excerpt":{"rendered":"<p>Polityka prywatno\u015bci 1. Informacje og\u00f3lne 2. Wybrane metody ochrony danych stosowane przez Operatora 3. Twoje prawa i dodatkowe informacje o sposobie wykorzystania danych 5. Informacja o plikach cookies 6. Zarz\u0105dzanie plikami cookies \u2013 jak w praktyce wyra\u017ca\u0107 i cofa\u0107 zgod\u0119?<\/p>","protected":false},"author":1,"featured_media":0,"parent":0,"menu_order":0,"comment_status":"closed","ping_status":"open","template":"elementor_header_footer","meta":{"footnotes":""},"class_list":["post-3","page","type-page","status-publish","hentry"],"yoast_head":"<!-- This site is optimized with the Yoast SEO plugin v27.5 - https:\/\/yoast.com\/product\/yoast-seo-wordpress\/ -->\n<title>Polityka prywatno\u015bci - 3D Metal Project Sp. z o.o.<\/title>\n<meta name=\"robots\" content=\"index, follow, max-snippet:-1, max-image-preview:large, max-video-preview:-1\" \/>\n<link rel=\"canonical\" href=\"https:\/\/3d-metal.pl\/en\/polityka-prywatnosci\/\" \/>\n<meta property=\"og:locale\" content=\"en_GB\" \/>\n<meta property=\"og:type\" content=\"article\" \/>\n<meta property=\"og:title\" content=\"Polityka prywatno\u015bci - 3D Metal Project Sp. z o.o.\" \/>\n<meta property=\"og:description\" content=\"Polityka prywatno\u015bci 1. Informacje og\u00f3lne 2. Wybrane metody ochrony danych stosowane przez Operatora 3. Twoje prawa i dodatkowe informacje o sposobie wykorzystania danych 5. Informacja o plikach cookies 6. Zarz\u0105dzanie plikami cookies \u2013 jak w praktyce wyra\u017ca\u0107 i cofa\u0107 zgod\u0119?\" \/>\n<meta property=\"og:url\" content=\"https:\/\/3d-metal.pl\/en\/polityka-prywatnosci\/\" \/>\n<meta property=\"og:site_name\" content=\"3D Metal Project Sp. z o.o.\" \/>\n<meta property=\"article:modified_time\" content=\"2025-07-09T16:59:56+00:00\" \/>\n<meta name=\"twitter:card\" content=\"summary_large_image\" \/>\n<meta name=\"twitter:label1\" content=\"Estimated reading time\" \/>\n\t<meta name=\"twitter:data1\" content=\"6 minutes\" \/>\n<script type=\"application\/ld+json\" class=\"yoast-schema-graph\">{\"@context\":\"https:\\\/\\\/schema.org\",\"@graph\":[{\"@type\":\"WebPage\",\"@id\":\"https:\\\/\\\/3d-metal.pl\\\/polityka-prywatnosci\\\/\",\"url\":\"https:\\\/\\\/3d-metal.pl\\\/polityka-prywatnosci\\\/\",\"name\":\"Polityka prywatno\u015bci - 3D Metal Project Sp. z o.o.\",\"isPartOf\":{\"@id\":\"https:\\\/\\\/3d-metal.pl\\\/#website\"},\"datePublished\":\"2025-05-27T22:25:33+00:00\",\"dateModified\":\"2025-07-09T16:59:56+00:00\",\"breadcrumb\":{\"@id\":\"https:\\\/\\\/3d-metal.pl\\\/polityka-prywatnosci\\\/#breadcrumb\"},\"inLanguage\":\"en-GB\",\"potentialAction\":[{\"@type\":\"ReadAction\",\"target\":[\"https:\\\/\\\/3d-metal.pl\\\/polityka-prywatnosci\\\/\"]}]},{\"@type\":\"BreadcrumbList\",\"@id\":\"https:\\\/\\\/3d-metal.pl\\\/polityka-prywatnosci\\\/#breadcrumb\",\"itemListElement\":[{\"@type\":\"ListItem\",\"position\":1,\"name\":\"Strona g\u0142\u00f3wna\",\"item\":\"https:\\\/\\\/3d-metal.pl\\\/\"},{\"@type\":\"ListItem\",\"position\":2,\"name\":\"Polityka prywatno\u015bci\"}]},{\"@type\":\"WebSite\",\"@id\":\"https:\\\/\\\/3d-metal.pl\\\/#website\",\"url\":\"https:\\\/\\\/3d-metal.pl\\\/\",\"name\":\"3D Metal Project\",\"description\":\"3D Metal Project Sp. z o.o. - Producent wyrob\u00f3w z metalu\",\"publisher\":{\"@id\":\"https:\\\/\\\/3d-metal.pl\\\/#organization\"},\"potentialAction\":[{\"@type\":\"SearchAction\",\"target\":{\"@type\":\"EntryPoint\",\"urlTemplate\":\"https:\\\/\\\/3d-metal.pl\\\/?s={search_term_string}\"},\"query-input\":{\"@type\":\"PropertyValueSpecification\",\"valueRequired\":true,\"valueName\":\"search_term_string\"}}],\"inLanguage\":\"en-GB\"},{\"@type\":\"Organization\",\"@id\":\"https:\\\/\\\/3d-metal.pl\\\/#organization\",\"name\":\"3D Metal Project\",\"url\":\"https:\\\/\\\/3d-metal.pl\\\/\",\"logo\":{\"@type\":\"ImageObject\",\"inLanguage\":\"en-GB\",\"@id\":\"https:\\\/\\\/3d-metal.pl\\\/#\\\/schema\\\/logo\\\/image\\\/\",\"url\":\"https:\\\/\\\/3d-metal.pl\\\/wp-content\\\/uploads\\\/2025\\\/05\\\/logo.png\",\"contentUrl\":\"https:\\\/\\\/3d-metal.pl\\\/wp-content\\\/uploads\\\/2025\\\/05\\\/logo.png\",\"width\":348,\"height\":50,\"caption\":\"3D Metal Project\"},\"image\":{\"@id\":\"https:\\\/\\\/3d-metal.pl\\\/#\\\/schema\\\/logo\\\/image\\\/\"}}]}<\/script>\n<!-- \/ Yoast SEO plugin. -->","yoast_head_json":{"title":"Polityka prywatno\u015bci - 3D Metal Project Sp. z o.o.","robots":{"index":"index","follow":"follow","max-snippet":"max-snippet:-1","max-image-preview":"max-image-preview:large","max-video-preview":"max-video-preview:-1"},"canonical":"https:\/\/3d-metal.pl\/en\/polityka-prywatnosci\/","og_locale":"en_GB","og_type":"article","og_title":"Polityka prywatno\u015bci - 3D Metal Project Sp. z o.o.","og_description":"Polityka prywatno\u015bci 1. Informacje og\u00f3lne 2. Wybrane metody ochrony danych stosowane przez Operatora 3. Twoje prawa i dodatkowe informacje o sposobie wykorzystania danych 5. Informacja o plikach cookies 6. Zarz\u0105dzanie plikami cookies \u2013 jak w praktyce wyra\u017ca\u0107 i cofa\u0107 zgod\u0119?","og_url":"https:\/\/3d-metal.pl\/en\/polityka-prywatnosci\/","og_site_name":"3D Metal Project Sp. z o.o.","article_modified_time":"2025-07-09T16:59:56+00:00","twitter_card":"summary_large_image","twitter_misc":{"Estimated reading time":"6 minutes"},"schema":{"@context":"https:\/\/schema.org","@graph":[{"@type":"WebPage","@id":"https:\/\/3d-metal.pl\/polityka-prywatnosci\/","url":"https:\/\/3d-metal.pl\/polityka-prywatnosci\/","name":"Polityka prywatno\u015bci - 3D Metal Project Sp. z o.o.","isPartOf":{"@id":"https:\/\/3d-metal.pl\/#website"},"datePublished":"2025-05-27T22:25:33+00:00","dateModified":"2025-07-09T16:59:56+00:00","breadcrumb":{"@id":"https:\/\/3d-metal.pl\/polityka-prywatnosci\/#breadcrumb"},"inLanguage":"en-GB","potentialAction":[{"@type":"ReadAction","target":["https:\/\/3d-metal.pl\/polityka-prywatnosci\/"]}]},{"@type":"BreadcrumbList","@id":"https:\/\/3d-metal.pl\/polityka-prywatnosci\/#breadcrumb","itemListElement":[{"@type":"ListItem","position":1,"name":"Strona g\u0142\u00f3wna","item":"https:\/\/3d-metal.pl\/"},{"@type":"ListItem","position":2,"name":"Polityka prywatno\u015bci"}]},{"@type":"WebSite","@id":"https:\/\/3d-metal.pl\/#website","url":"https:\/\/3d-metal.pl\/","name":"3D Metal Project","description":"3D Metal Project Sp. z o.o. - Producent wyrob\u00f3w z metalu","publisher":{"@id":"https:\/\/3d-metal.pl\/#organization"},"potentialAction":[{"@type":"SearchAction","target":{"@type":"EntryPoint","urlTemplate":"https:\/\/3d-metal.pl\/?s={search_term_string}"},"query-input":{"@type":"PropertyValueSpecification","valueRequired":true,"valueName":"search_term_string"}}],"inLanguage":"en-GB"},{"@type":"Organization","@id":"https:\/\/3d-metal.pl\/#organization","name":"3D Metal Project","url":"https:\/\/3d-metal.pl\/","logo":{"@type":"ImageObject","inLanguage":"en-GB","@id":"https:\/\/3d-metal.pl\/#\/schema\/logo\/image\/","url":"https:\/\/3d-metal.pl\/wp-content\/uploads\/2025\/05\/logo.png","contentUrl":"https:\/\/3d-metal.pl\/wp-content\/uploads\/2025\/05\/logo.png","width":348,"height":50,"caption":"3D Metal Project"},"image":{"@id":"https:\/\/3d-metal.pl\/#\/schema\/logo\/image\/"}}]}},"_links":{"self":[{"href":"https:\/\/3d-metal.pl\/en\/wp-json\/wp\/v2\/pages\/3","targetHints":{"allow":["GET"]}}],"collection":[{"href":"https:\/\/3d-metal.pl\/en\/wp-json\/wp\/v2\/pages"}],"about":[{"href":"https:\/\/3d-metal.pl\/en\/wp-json\/wp\/v2\/types\/page"}],"author":[{"embeddable":true,"href":"https:\/\/3d-metal.pl\/en\/wp-json\/wp\/v2\/users\/1"}],"replies":[{"embeddable":true,"href":"https:\/\/3d-metal.pl\/en\/wp-json\/wp\/v2\/comments?post=3"}],"version-history":[{"count":26,"href":"https:\/\/3d-metal.pl\/en\/wp-json\/wp\/v2\/pages\/3\/revisions"}],"predecessor-version":[{"id":899,"href":"https:\/\/3d-metal.pl\/en\/wp-json\/wp\/v2\/pages\/3\/revisions\/899"}],"wp:attachment":[{"href":"https:\/\/3d-metal.pl\/en\/wp-json\/wp\/v2\/media?parent=3"}],"curies":[{"name":"wp","href":"https:\/\/api.w.org\/{rel}","templated":true}]}}