{"id":31,"date":"2025-05-28T01:06:04","date_gmt":"2025-05-27T23:06:04","guid":{"rendered":"https:\/\/3d-metal.pl\/?page_id=31"},"modified":"2025-07-09T18:30:42","modified_gmt":"2025-07-09T16:30:42","slug":"suszarki-do-pracowni-plastycznych","status":"publish","type":"page","link":"https:\/\/3d-metal.pl\/en\/suszarki-do-pracowni-plastycznych\/","title":{"rendered":"Drying racks for art studios"},"content":{"rendered":"<div data-elementor-type=\"wp-page\" data-elementor-id=\"31\" class=\"elementor elementor-31\">\n\t\t\t\t<div class=\"elementor-element elementor-element-8dfd19b e-flex e-con-boxed wpr-particle-no wpr-jarallax-no wpr-parallax-no wpr-sticky-section-no wpr-equal-height-no e-con e-parent\" data-id=\"8dfd19b\" data-element_type=\"container\">\n\t\t\t\t\t<div class=\"e-con-inner\">\n\t\t<div class=\"elementor-element elementor-element-3602672 e-con-full e-flex wpr-particle-no wpr-jarallax-no wpr-parallax-no wpr-sticky-section-no wpr-equal-height-no e-con e-child\" data-id=\"3602672\" data-element_type=\"container\">\n\t\t\t\t<div class=\"elementor-element elementor-element-908b031 elementor-widget elementor-widget-heading\" data-id=\"908b031\" data-element_type=\"widget\" data-widget_type=\"heading.default\">\n\t\t\t\t<div class=\"elementor-widget-container\">\n\t\t\t\t\t<h2 class=\"elementor-heading-title elementor-size-default\">Drying racks for art studios\n<\/h2>\t\t\t\t<\/div>\n\t\t\t\t<\/div>\n\t\t\t\t<div class=\"elementor-element elementor-element-58db397 elementor-widget elementor-widget-text-editor\" data-id=\"58db397\" data-element_type=\"widget\" id=\"art-studios-racks-features\" data-widget_type=\"text-editor.default\">\n\t\t\t\t<div class=\"elementor-widget-container\">\n\t\t\t\t\t\t\t\t\t<ul><li>Drying racks designed for drying sheets of paper, 52 cm x 35 cm in size, or smaller.<\/li><li>Powder coated metal construction.<\/li><li>Fixed shelves.<\/li><li>Swivel wheels.<\/li><\/ul>\t\t\t\t\t\t\t\t<\/div>\n\t\t\t\t<\/div>\n\t\t\t\t<div class=\"elementor-element elementor-element-aa2abdf elementor-widget elementor-widget-heading\" data-id=\"aa2abdf\" data-element_type=\"widget\" data-widget_type=\"heading.default\">\n\t\t\t\t<div class=\"elementor-widget-container\">\n\t\t\t\t\t<h2 class=\"elementor-heading-title elementor-size-default\">Offer<\/h2>\t\t\t\t<\/div>\n\t\t\t\t<\/div>\n\t\t\t\t<div class=\"elementor-element elementor-element-2fa1299 elementor-widget elementor-widget-eael-advanced-data-table\" data-id=\"2fa1299\" data-element_type=\"widget\" id=\"art-studios-racks-offer\" data-widget_type=\"eael-advanced-data-table.default\">\n\t\t\t\t<div class=\"elementor-widget-container\">\n\t\t\t\t\t<div class=\"ea-advanced-data-table-wrap\" data-id=\"2fa1299\"><div class=\"ea-advanced-data-table-wrap-inner\">\n                <table class=\"ea-advanced-data-table ea-advanced-data-table-static ea-advanced-data-table-2fa1299\" data-id=\"2fa1299\"><tbody><tr><th><p>Code<\/p><\/th><th><p>External dimension<\/p><\/th><th><p>Working dimension<\/p><\/th><th><p>Number of shelves<\/p><\/th><th><p>Distance between shelves<\/p><\/th><th><p>Maximum paper size<\/p><\/th><\/tr><tr><td><p>SPP.44.32.35.25<\/p><\/td><td><p>440 mm x 291 mm x 1060 mm<\/p><\/td><td><p>440 mm x 273 mm<\/p><\/td><td><p>25<\/p><\/td><td><p>35 mm<\/p><\/td><td><p>B3 lub 2 x B4<\/p><\/td><\/tr><\/tbody><\/table>\n            <\/div><\/div>\t\t\t\t<\/div>\n\t\t\t\t<\/div>\n\t\t\t\t<div class=\"elementor-element elementor-element-bbdd85b elementor-widget elementor-widget-text-editor\" data-id=\"bbdd85b\" data-element_type=\"widget\" data-widget_type=\"text-editor.default\">\n\t\t\t\t<div class=\"elementor-widget-container\">\n\t\t\t\t\t\t\t\t\t<p>Colours: RAL 5002. Other colours are available on request.<\/p>\t\t\t\t\t\t\t\t<\/div>\n\t\t\t\t<\/div>\n\t\t\t\t<\/div>\n\t\t\t\t<div class=\"elementor-element elementor-element-440f0ac elementor-widget elementor-widget-image\" data-id=\"440f0ac\" data-element_type=\"widget\" data-widget_type=\"image.default\">\n\t\t\t\t<div class=\"elementor-widget-container\">\n\t\t\t\t\t\t\t\t\t\t\t\t\t\t\t\t<a href=\"https:\/\/3d-metal.pl\/wp-content\/uploads\/2025\/05\/suszarka_pracownia_plastyczna_3.jpg\" data-elementor-open-lightbox=\"yes\" data-e-action-hash=\"#elementor-action%3Aaction%3Dlightbox%26settings%3DeyJpZCI6MTE5LCJ1cmwiOiJodHRwczpcL1wvM2QtbWV0YWwucGxcL3dwLWNvbnRlbnRcL3VwbG9hZHNcLzIwMjVcLzA1XC9zdXN6YXJrYV9wcmFjb3duaWFfcGxhc3R5Y3puYV8zLmpwZyJ9\">\n\t\t\t\t\t\t\t<img fetchpriority=\"high\" decoding=\"async\" width=\"309\" height=\"584\" src=\"https:\/\/3d-metal.pl\/wp-content\/uploads\/2025\/05\/suszarka_pracownia_plastyczna_3.jpg\" class=\"attachment-large size-large wp-image-119\" alt=\"\" srcset=\"https:\/\/3d-metal.pl\/wp-content\/uploads\/2025\/05\/suszarka_pracownia_plastyczna_3.jpg 309w, https:\/\/3d-metal.pl\/wp-content\/uploads\/2025\/05\/suszarka_pracownia_plastyczna_3-159x300.jpg 159w, https:\/\/3d-metal.pl\/wp-content\/uploads\/2025\/05\/suszarka_pracownia_plastyczna_3-6x12.jpg 6w\" sizes=\"(max-width: 309px) 100vw, 309px\" \/>\t\t\t\t\t\t\t\t<\/a>\n\t\t\t\t\t\t\t\t\t\t\t\t\t\t\t<\/div>\n\t\t\t\t<\/div>\n\t\t\t\t\t<\/div>\n\t\t\t\t<\/div>\n\t\t<div class=\"elementor-element elementor-element-350eaa2 e-flex e-con-boxed wpr-particle-no wpr-jarallax-no wpr-parallax-no wpr-sticky-section-no wpr-equal-height-no e-con e-parent\" data-id=\"350eaa2\" data-element_type=\"container\">\n\t\t\t\t\t<div class=\"e-con-inner\">\n\t\t\t\t<div class=\"elementor-element elementor-element-3485ef9 gallery-spacing-custom elementor-widget elementor-widget-image-gallery\" data-id=\"3485ef9\" data-element_type=\"widget\" data-widget_type=\"image-gallery.default\">\n\t\t\t\t<div class=\"elementor-widget-container\">\n\t\t\t\t\t\t\t<div class=\"elementor-image-gallery\">\n\t\t\t<div id='gallery-1' class='gallery galleryid-31 gallery-columns-3 gallery-size-full'><figure class='gallery-item'>\n\t\t\t<div class='gallery-icon portrait'>\n\t\t\t\t<a data-elementor-open-lightbox=\"yes\" data-elementor-lightbox-slideshow=\"3485ef9\" data-e-action-hash=\"#elementor-action%3Aaction%3Dlightbox%26settings%3DeyJpZCI6MTQ5LCJ1cmwiOiJodHRwczpcL1wvM2QtbWV0YWwucGxcL3dwLWNvbnRlbnRcL3VwbG9hZHNcLzIwMjVcLzA1XC9zenVzemFya2FfcGxhc3R5Y3puYV93eW1pYXJ5XzQucG5nIiwic2xpZGVzaG93IjoiMzQ4NWVmOSJ9\" href='https:\/\/3d-metal.pl\/wp-content\/uploads\/2025\/05\/szuszarka_plastyczna_wymiary_4.png'><img decoding=\"async\" width=\"354\" height=\"584\" src=\"https:\/\/3d-metal.pl\/wp-content\/uploads\/2025\/05\/szuszarka_plastyczna_wymiary_4.png\" class=\"attachment-full size-full\" alt=\"\" srcset=\"https:\/\/3d-metal.pl\/wp-content\/uploads\/2025\/05\/szuszarka_plastyczna_wymiary_4.png 354w, https:\/\/3d-metal.pl\/wp-content\/uploads\/2025\/05\/szuszarka_plastyczna_wymiary_4-182x300.png 182w, https:\/\/3d-metal.pl\/wp-content\/uploads\/2025\/05\/szuszarka_plastyczna_wymiary_4-7x12.png 7w\" sizes=\"(max-width: 354px) 100vw, 354px\" \/><\/a>\n\t\t\t<\/div><\/figure><figure class='gallery-item'>\n\t\t\t<div class='gallery-icon portrait'>\n\t\t\t\t<a data-elementor-open-lightbox=\"yes\" data-elementor-lightbox-slideshow=\"3485ef9\" data-e-action-hash=\"#elementor-action%3Aaction%3Dlightbox%26settings%3DeyJpZCI6MTQ3LCJ1cmwiOiJodHRwczpcL1wvM2QtbWV0YWwucGxcL3dwLWNvbnRlbnRcL3VwbG9hZHNcLzIwMjVcLzA1XC9zenVzemFya2FfcGxhc3R5Y3puYV93eW1pYXJ5XzIucG5nIiwic2xpZGVzaG93IjoiMzQ4NWVmOSJ9\" href='https:\/\/3d-metal.pl\/wp-content\/uploads\/2025\/05\/szuszarka_plastyczna_wymiary_2.png'><img decoding=\"async\" width=\"356\" height=\"584\" src=\"https:\/\/3d-metal.pl\/wp-content\/uploads\/2025\/05\/szuszarka_plastyczna_wymiary_2.png\" class=\"attachment-full size-full\" alt=\"\" srcset=\"https:\/\/3d-metal.pl\/wp-content\/uploads\/2025\/05\/szuszarka_plastyczna_wymiary_2.png 356w, https:\/\/3d-metal.pl\/wp-content\/uploads\/2025\/05\/szuszarka_plastyczna_wymiary_2-183x300.png 183w, https:\/\/3d-metal.pl\/wp-content\/uploads\/2025\/05\/szuszarka_plastyczna_wymiary_2-7x12.png 7w\" sizes=\"(max-width: 356px) 100vw, 356px\" \/><\/a>\n\t\t\t<\/div><\/figure><figure class='gallery-item'>\n\t\t\t<div class='gallery-icon portrait'>\n\t\t\t\t<a data-elementor-open-lightbox=\"yes\" data-elementor-lightbox-slideshow=\"3485ef9\" data-e-action-hash=\"#elementor-action%3Aaction%3Dlightbox%26settings%3DeyJpZCI6MTQ2LCJ1cmwiOiJodHRwczpcL1wvM2QtbWV0YWwucGxcL3dwLWNvbnRlbnRcL3VwbG9hZHNcLzIwMjVcLzA1XC9zenVzemFya2FfcGxhc3R5Y3puYV93eW1pYXJ5XzEucG5nIiwic2xpZGVzaG93IjoiMzQ4NWVmOSJ9\" href='https:\/\/3d-metal.pl\/wp-content\/uploads\/2025\/05\/szuszarka_plastyczna_wymiary_1.png'><img loading=\"lazy\" decoding=\"async\" width=\"356\" height=\"584\" src=\"https:\/\/3d-metal.pl\/wp-content\/uploads\/2025\/05\/szuszarka_plastyczna_wymiary_1.png\" class=\"attachment-full size-full\" alt=\"\" srcset=\"https:\/\/3d-metal.pl\/wp-content\/uploads\/2025\/05\/szuszarka_plastyczna_wymiary_1.png 356w, https:\/\/3d-metal.pl\/wp-content\/uploads\/2025\/05\/szuszarka_plastyczna_wymiary_1-183x300.png 183w, https:\/\/3d-metal.pl\/wp-content\/uploads\/2025\/05\/szuszarka_plastyczna_wymiary_1-7x12.png 7w\" sizes=\"(max-width: 356px) 100vw, 356px\" \/><\/a>\n\t\t\t<\/div><\/figure><figure class='gallery-item'>\n\t\t\t<div class='gallery-icon landscape'>\n\t\t\t\t<a data-elementor-open-lightbox=\"yes\" data-elementor-lightbox-slideshow=\"3485ef9\" data-e-action-hash=\"#elementor-action%3Aaction%3Dlightbox%26settings%3DeyJpZCI6MTQ4LCJ1cmwiOiJodHRwczpcL1wvM2QtbWV0YWwucGxcL3dwLWNvbnRlbnRcL3VwbG9hZHNcLzIwMjVcLzA1XC9zenVzemFya2FfcGxhc3R5Y3puYV93eW1pYXJ5XzMucG5nIiwic2xpZGVzaG93IjoiMzQ4NWVmOSJ9\" href='https:\/\/3d-metal.pl\/wp-content\/uploads\/2025\/05\/szuszarka_plastyczna_wymiary_3.png'><img loading=\"lazy\" decoding=\"async\" width=\"712\" height=\"584\" src=\"https:\/\/3d-metal.pl\/wp-content\/uploads\/2025\/05\/szuszarka_plastyczna_wymiary_3.png\" class=\"attachment-full size-full\" alt=\"\" srcset=\"https:\/\/3d-metal.pl\/wp-content\/uploads\/2025\/05\/szuszarka_plastyczna_wymiary_3.png 712w, https:\/\/3d-metal.pl\/wp-content\/uploads\/2025\/05\/szuszarka_plastyczna_wymiary_3-300x246.png 300w, https:\/\/3d-metal.pl\/wp-content\/uploads\/2025\/05\/szuszarka_plastyczna_wymiary_3-15x12.png 15w\" sizes=\"(max-width: 712px) 100vw, 712px\" \/><\/a>\n\t\t\t<\/div><\/figure>\n\t\t<\/div>\n\t\t<\/div>\n\t\t\t\t\t\t<\/div>\n\t\t\t\t<\/div>\n\t\t\t\t\t<\/div>\n\t\t\t\t<\/div>\n\t\t\t\t<\/div>","protected":false},"excerpt":{"rendered":"<p>Suszarki do pracowni plastycznych Suszarka przeznaczona do suszenia arkuszy papier\u00f3w o wymiarach 52 cm x 35 cm lub mniejszych. Konstrukcja metalowa malowana proszkowo. P\u00f3\u0142ki zamocowane na sta\u0142e. Suszarka wyposa\u017cona w ko\u0142a skr\u0119tne. Oferta Kod Wymiary zewn\u0119trzne Wymiar roboczy p\u00f3\u0142ki Liczba p\u00f3\u0142ek Odleg\u0142o\u015b\u0107 mi\u0119dzy p\u00f3\u0142kami Maksymalny format papieru SPP.44.32.35.25 440 mm x 291 mm x 1060 mm 440 mm x 273 mm 25 35 mm B3 lub 2 x B4 Kolor malowania: RAL 5002. Inne kolory s\u0105 dost\u0119pne na zam\u00f3wienie.<\/p>","protected":false},"author":1,"featured_media":0,"parent":0,"menu_order":0,"comment_status":"closed","ping_status":"closed","template":"elementor_header_footer","meta":{"footnotes":""},"class_list":["post-31","page","type-page","status-publish","hentry"],"yoast_head":"<!-- This site is optimized with the Yoast SEO plugin v27.5 - https:\/\/yoast.com\/product\/yoast-seo-wordpress\/ -->\n<title>Suszarki do pracowni plastycznych - 3D Metal Project Sp. z o.o.<\/title>\n<meta name=\"robots\" content=\"index, follow, max-snippet:-1, max-image-preview:large, max-video-preview:-1\" \/>\n<link rel=\"canonical\" href=\"https:\/\/3d-metal.pl\/en\/suszarki-do-pracowni-plastycznych\/\" \/>\n<meta property=\"og:locale\" content=\"en_GB\" \/>\n<meta property=\"og:type\" content=\"article\" \/>\n<meta property=\"og:title\" content=\"Suszarki do pracowni plastycznych - 3D Metal Project Sp. z o.o.\" \/>\n<meta property=\"og:description\" content=\"Suszarki do pracowni plastycznych Suszarka przeznaczona do suszenia arkuszy papier\u00f3w o wymiarach 52 cm x 35 cm lub mniejszych. Konstrukcja metalowa malowana proszkowo. P\u00f3\u0142ki zamocowane na sta\u0142e. Suszarka wyposa\u017cona w ko\u0142a skr\u0119tne. Oferta Kod Wymiary zewn\u0119trzne Wymiar roboczy p\u00f3\u0142ki Liczba p\u00f3\u0142ek Odleg\u0142o\u015b\u0107 mi\u0119dzy p\u00f3\u0142kami Maksymalny format papieru SPP.44.32.35.25 440 mm x 291 mm x 1060 mm 440 mm x 273 mm 25 35 mm B3 lub 2 x B4 Kolor malowania: RAL 5002. Inne kolory s\u0105 dost\u0119pne na zam\u00f3wienie.\" \/>\n<meta property=\"og:url\" content=\"https:\/\/3d-metal.pl\/en\/suszarki-do-pracowni-plastycznych\/\" \/>\n<meta property=\"og:site_name\" content=\"3D Metal Project Sp. z o.o.\" \/>\n<meta property=\"article:modified_time\" content=\"2025-07-09T16:30:42+00:00\" \/>\n<meta property=\"og:image\" content=\"https:\/\/3d-metal.pl\/wp-content\/uploads\/2025\/05\/suszarka_pracownia_plastyczna_3.jpg\" \/>\n<meta name=\"twitter:card\" content=\"summary_large_image\" \/>\n<script type=\"application\/ld+json\" class=\"yoast-schema-graph\">{\"@context\":\"https:\\\/\\\/schema.org\",\"@graph\":[{\"@type\":\"WebPage\",\"@id\":\"https:\\\/\\\/3d-metal.pl\\\/suszarki-do-pracowni-plastycznych\\\/\",\"url\":\"https:\\\/\\\/3d-metal.pl\\\/suszarki-do-pracowni-plastycznych\\\/\",\"name\":\"Suszarki do pracowni plastycznych - 3D Metal Project Sp. z o.o.\",\"isPartOf\":{\"@id\":\"https:\\\/\\\/3d-metal.pl\\\/#website\"},\"primaryImageOfPage\":{\"@id\":\"https:\\\/\\\/3d-metal.pl\\\/suszarki-do-pracowni-plastycznych\\\/#primaryimage\"},\"image\":{\"@id\":\"https:\\\/\\\/3d-metal.pl\\\/suszarki-do-pracowni-plastycznych\\\/#primaryimage\"},\"thumbnailUrl\":\"https:\\\/\\\/3d-metal.pl\\\/wp-content\\\/uploads\\\/2025\\\/05\\\/suszarka_pracownia_plastyczna_3.jpg\",\"datePublished\":\"2025-05-27T23:06:04+00:00\",\"dateModified\":\"2025-07-09T16:30:42+00:00\",\"breadcrumb\":{\"@id\":\"https:\\\/\\\/3d-metal.pl\\\/suszarki-do-pracowni-plastycznych\\\/#breadcrumb\"},\"inLanguage\":\"en-GB\",\"potentialAction\":[{\"@type\":\"ReadAction\",\"target\":[\"https:\\\/\\\/3d-metal.pl\\\/suszarki-do-pracowni-plastycznych\\\/\"]}]},{\"@type\":\"ImageObject\",\"inLanguage\":\"en-GB\",\"@id\":\"https:\\\/\\\/3d-metal.pl\\\/suszarki-do-pracowni-plastycznych\\\/#primaryimage\",\"url\":\"https:\\\/\\\/3d-metal.pl\\\/wp-content\\\/uploads\\\/2025\\\/05\\\/suszarka_pracownia_plastyczna_3.jpg\",\"contentUrl\":\"https:\\\/\\\/3d-metal.pl\\\/wp-content\\\/uploads\\\/2025\\\/05\\\/suszarka_pracownia_plastyczna_3.jpg\"},{\"@type\":\"BreadcrumbList\",\"@id\":\"https:\\\/\\\/3d-metal.pl\\\/suszarki-do-pracowni-plastycznych\\\/#breadcrumb\",\"itemListElement\":[{\"@type\":\"ListItem\",\"position\":1,\"name\":\"Strona g\u0142\u00f3wna\",\"item\":\"https:\\\/\\\/3d-metal.pl\\\/\"},{\"@type\":\"ListItem\",\"position\":2,\"name\":\"Suszarki do pracowni plastycznych\"}]},{\"@type\":\"WebSite\",\"@id\":\"https:\\\/\\\/3d-metal.pl\\\/#website\",\"url\":\"https:\\\/\\\/3d-metal.pl\\\/\",\"name\":\"3D Metal Project\",\"description\":\"3D Metal Project Sp. z o.o. - Producent wyrob\u00f3w z metalu\",\"publisher\":{\"@id\":\"https:\\\/\\\/3d-metal.pl\\\/#organization\"},\"potentialAction\":[{\"@type\":\"SearchAction\",\"target\":{\"@type\":\"EntryPoint\",\"urlTemplate\":\"https:\\\/\\\/3d-metal.pl\\\/?s={search_term_string}\"},\"query-input\":{\"@type\":\"PropertyValueSpecification\",\"valueRequired\":true,\"valueName\":\"search_term_string\"}}],\"inLanguage\":\"en-GB\"},{\"@type\":\"Organization\",\"@id\":\"https:\\\/\\\/3d-metal.pl\\\/#organization\",\"name\":\"3D Metal Project\",\"url\":\"https:\\\/\\\/3d-metal.pl\\\/\",\"logo\":{\"@type\":\"ImageObject\",\"inLanguage\":\"en-GB\",\"@id\":\"https:\\\/\\\/3d-metal.pl\\\/#\\\/schema\\\/logo\\\/image\\\/\",\"url\":\"https:\\\/\\\/3d-metal.pl\\\/wp-content\\\/uploads\\\/2025\\\/05\\\/logo.png\",\"contentUrl\":\"https:\\\/\\\/3d-metal.pl\\\/wp-content\\\/uploads\\\/2025\\\/05\\\/logo.png\",\"width\":348,\"height\":50,\"caption\":\"3D Metal Project\"},\"image\":{\"@id\":\"https:\\\/\\\/3d-metal.pl\\\/#\\\/schema\\\/logo\\\/image\\\/\"}}]}<\/script>\n<!-- \/ Yoast SEO plugin. -->","yoast_head_json":{"title":"Suszarki do pracowni plastycznych - 3D Metal Project Sp. z o.o.","robots":{"index":"index","follow":"follow","max-snippet":"max-snippet:-1","max-image-preview":"max-image-preview:large","max-video-preview":"max-video-preview:-1"},"canonical":"https:\/\/3d-metal.pl\/en\/suszarki-do-pracowni-plastycznych\/","og_locale":"en_GB","og_type":"article","og_title":"Suszarki do pracowni plastycznych - 3D Metal Project Sp. z o.o.","og_description":"Suszarki do pracowni plastycznych Suszarka przeznaczona do suszenia arkuszy papier\u00f3w o wymiarach 52 cm x 35 cm lub mniejszych. Konstrukcja metalowa malowana proszkowo. P\u00f3\u0142ki zamocowane na sta\u0142e. Suszarka wyposa\u017cona w ko\u0142a skr\u0119tne. Oferta Kod Wymiary zewn\u0119trzne Wymiar roboczy p\u00f3\u0142ki Liczba p\u00f3\u0142ek Odleg\u0142o\u015b\u0107 mi\u0119dzy p\u00f3\u0142kami Maksymalny format papieru SPP.44.32.35.25 440 mm x 291 mm x 1060 mm 440 mm x 273 mm 25 35 mm B3 lub 2 x B4 Kolor malowania: RAL 5002. Inne kolory s\u0105 dost\u0119pne na zam\u00f3wienie.","og_url":"https:\/\/3d-metal.pl\/en\/suszarki-do-pracowni-plastycznych\/","og_site_name":"3D Metal Project Sp. z o.o.","article_modified_time":"2025-07-09T16:30:42+00:00","og_image":[{"url":"https:\/\/3d-metal.pl\/wp-content\/uploads\/2025\/05\/suszarka_pracownia_plastyczna_3.jpg","type":"","width":"","height":""}],"twitter_card":"summary_large_image","schema":{"@context":"https:\/\/schema.org","@graph":[{"@type":"WebPage","@id":"https:\/\/3d-metal.pl\/suszarki-do-pracowni-plastycznych\/","url":"https:\/\/3d-metal.pl\/suszarki-do-pracowni-plastycznych\/","name":"Suszarki do pracowni plastycznych - 3D Metal Project Sp. z o.o.","isPartOf":{"@id":"https:\/\/3d-metal.pl\/#website"},"primaryImageOfPage":{"@id":"https:\/\/3d-metal.pl\/suszarki-do-pracowni-plastycznych\/#primaryimage"},"image":{"@id":"https:\/\/3d-metal.pl\/suszarki-do-pracowni-plastycznych\/#primaryimage"},"thumbnailUrl":"https:\/\/3d-metal.pl\/wp-content\/uploads\/2025\/05\/suszarka_pracownia_plastyczna_3.jpg","datePublished":"2025-05-27T23:06:04+00:00","dateModified":"2025-07-09T16:30:42+00:00","breadcrumb":{"@id":"https:\/\/3d-metal.pl\/suszarki-do-pracowni-plastycznych\/#breadcrumb"},"inLanguage":"en-GB","potentialAction":[{"@type":"ReadAction","target":["https:\/\/3d-metal.pl\/suszarki-do-pracowni-plastycznych\/"]}]},{"@type":"ImageObject","inLanguage":"en-GB","@id":"https:\/\/3d-metal.pl\/suszarki-do-pracowni-plastycznych\/#primaryimage","url":"https:\/\/3d-metal.pl\/wp-content\/uploads\/2025\/05\/suszarka_pracownia_plastyczna_3.jpg","contentUrl":"https:\/\/3d-metal.pl\/wp-content\/uploads\/2025\/05\/suszarka_pracownia_plastyczna_3.jpg"},{"@type":"BreadcrumbList","@id":"https:\/\/3d-metal.pl\/suszarki-do-pracowni-plastycznych\/#breadcrumb","itemListElement":[{"@type":"ListItem","position":1,"name":"Strona g\u0142\u00f3wna","item":"https:\/\/3d-metal.pl\/"},{"@type":"ListItem","position":2,"name":"Suszarki do pracowni plastycznych"}]},{"@type":"WebSite","@id":"https:\/\/3d-metal.pl\/#website","url":"https:\/\/3d-metal.pl\/","name":"3D Metal Project","description":"3D Metal Project Sp. z o.o. - Producent wyrob\u00f3w z metalu","publisher":{"@id":"https:\/\/3d-metal.pl\/#organization"},"potentialAction":[{"@type":"SearchAction","target":{"@type":"EntryPoint","urlTemplate":"https:\/\/3d-metal.pl\/?s={search_term_string}"},"query-input":{"@type":"PropertyValueSpecification","valueRequired":true,"valueName":"search_term_string"}}],"inLanguage":"en-GB"},{"@type":"Organization","@id":"https:\/\/3d-metal.pl\/#organization","name":"3D Metal Project","url":"https:\/\/3d-metal.pl\/","logo":{"@type":"ImageObject","inLanguage":"en-GB","@id":"https:\/\/3d-metal.pl\/#\/schema\/logo\/image\/","url":"https:\/\/3d-metal.pl\/wp-content\/uploads\/2025\/05\/logo.png","contentUrl":"https:\/\/3d-metal.pl\/wp-content\/uploads\/2025\/05\/logo.png","width":348,"height":50,"caption":"3D Metal Project"},"image":{"@id":"https:\/\/3d-metal.pl\/#\/schema\/logo\/image\/"}}]}},"_links":{"self":[{"href":"https:\/\/3d-metal.pl\/en\/wp-json\/wp\/v2\/pages\/31","targetHints":{"allow":["GET"]}}],"collection":[{"href":"https:\/\/3d-metal.pl\/en\/wp-json\/wp\/v2\/pages"}],"about":[{"href":"https:\/\/3d-metal.pl\/en\/wp-json\/wp\/v2\/types\/page"}],"author":[{"embeddable":true,"href":"https:\/\/3d-metal.pl\/en\/wp-json\/wp\/v2\/users\/1"}],"replies":[{"embeddable":true,"href":"https:\/\/3d-metal.pl\/en\/wp-json\/wp\/v2\/comments?post=31"}],"version-history":[{"count":40,"href":"https:\/\/3d-metal.pl\/en\/wp-json\/wp\/v2\/pages\/31\/revisions"}],"predecessor-version":[{"id":870,"href":"https:\/\/3d-metal.pl\/en\/wp-json\/wp\/v2\/pages\/31\/revisions\/870"}],"wp:attachment":[{"href":"https:\/\/3d-metal.pl\/en\/wp-json\/wp\/v2\/media?parent=31"}],"curies":[{"name":"wp","href":"https:\/\/api.w.org\/{rel}","templated":true}]}}